{"id":1804,"date":"2023-07-14T08:13:14","date_gmt":"2023-07-14T08:13:14","guid":{"rendered":"https:\/\/cdbaget.com\/cirurgia-i-implants\/"},"modified":"2023-07-17T10:18:27","modified_gmt":"2023-07-17T10:18:27","slug":"cirurgia-i-implants","status":"publish","type":"page","link":"https:\/\/cdbaget.com\/ca\/cirurgia-i-implants\/","title":{"rendered":"Cirurgia i implants"},"content":{"rendered":"<div class=\"gb-container gb-container-f9f19036\">\n\n<h2 class=\"gb-headline gb-headline-37b9f5b5 gb-headline-text\">Cirurgia<\/h2>\n\n\n\n<hr class=\"wp-block-separator has-text-color has-accent-color has-alpha-channel-opacity has-accent-background-color has-background is-style-wide\"\/>\n\n<\/div>\n<div class=\"wp-block-columns is-layout-flex wp-container-core-columns-is-layout-9d6595d7 wp-block-columns-is-layout-flex\">\n<div class=\"wp-block-column is-layout-flow wp-block-column-is-layout-flow\"><div class=\"wp-block-image\">\n<figure class=\"aligncenter size-full is-resized\"><img fetchpriority=\"high\" decoding=\"async\" src=\"https:\/\/cdbaget.com\/wp-content\/uploads\/2023\/07\/Oral-surgery.png\" alt=\"\" class=\"wp-image-1710\" width=\"401\" height=\"224\" srcset=\"https:\/\/cdbaget.com\/wp-content\/uploads\/2023\/07\/Oral-surgery.png 767w, https:\/\/cdbaget.com\/wp-content\/uploads\/2023\/07\/Oral-surgery-300x169.png 300w\" sizes=\"(max-width: 401px) 100vw, 401px\" \/><\/figure>\n<\/div><\/div>\n\n\n\n<div class=\"wp-block-column has-contrast-color has-text-color has-small-font-size is-layout-flow wp-block-column-is-layout-flow\">\n<p class=\"has-contrast-color has-text-color has-medium-font-size\"><br\/>La cirurgia oral abasta totes aquelles t\u00e8cniques quir\u00fargiques que tracten diverses patologies de la cavitat oral i els seus teixits adjacents.<\/p>\n\n\n\n<p class=\"has-contrast-color has-text-color has-medium-font-size\">Aquesta especialitat abasta el tractament de diverses complicacions orals, tractament de frens linguals i labials, extracci\u00f3 complexa de peces dent\u00e0ries, per\u00f2 tamb\u00e9 la reposici\u00f3 de les mateixes mitjan\u00e7ant implants dentals.<\/p>\n<\/div>\n<\/div>\n\n<h2 class=\"gb-headline gb-headline-a8d0b706 gb-headline-text\">Implants<\/h2>\n\n<hr class=\"wp-block-separator has-text-color has-accent-color has-alpha-channel-opacity has-accent-background-color has-background is-style-wide\"\/>\n\n<div class=\"wp-block-columns is-layout-flex wp-container-core-columns-is-layout-9d6595d7 wp-block-columns-is-layout-flex\">\n<div class=\"wp-block-column is-vertically-aligned-center is-layout-flow wp-block-column-is-layout-flow\">\n<p class=\"has-text-align-left has-contrast-color has-text-color has-medium-font-size\">Avui dia, els implants comprenen una de les \u00e0rees mes innovadores de la ci\u00e8ncia odontol\u00f2gica.<\/p>\n\n\n\n<p class=\"has-text-align-left has-contrast-color has-text-color has-medium-font-size\">Gr\u00e0cies a la col\u00b7laboraci\u00f3 de BioHorizons, podem oferir a Sant Cugat els avan\u00e7os quir\u00fargics m\u00e9s recents en aquest camp, els quals ens han perm\u00e8s donar satisfacci\u00f3 a nombrosos pacients que sofrien perdudes dent\u00e0ries de manera unit\u00e0ria o total, brindat aix\u00ed una correcta funci\u00f3 masticat\u00f2ria combinada amb una meravellosa est\u00e8tica.<\/p>\n\n\n\n<p class=\"has-text-align-left has-contrast-color has-text-color has-medium-font-size\">Els implants dentals s\u00f3n l&#8217;alternativa ideal per a reposar les <strong>dents perdudes<\/strong>, oferint <strong>funcionalitat i est\u00e8tica<\/strong>.<\/p>\n\n\n<div class=\"wp-block-image\">\n<figure class=\"aligncenter size-large is-resized\"><img decoding=\"async\" src=\"https:\/\/cdbaget.com\/wp-content\/uploads\/2023\/07\/image-1-1024x538.png\" alt=\"\" class=\"wp-image-1707\" width=\"220\" height=\"115\" srcset=\"https:\/\/cdbaget.com\/wp-content\/uploads\/2023\/07\/image-1-1024x538.png 1024w, https:\/\/cdbaget.com\/wp-content\/uploads\/2023\/07\/image-1-300x158.png 300w, https:\/\/cdbaget.com\/wp-content\/uploads\/2023\/07\/image-1-768x403.png 768w, https:\/\/cdbaget.com\/wp-content\/uploads\/2023\/07\/image-1.png 1200w\" sizes=\"(max-width: 220px) 100vw, 220px\" \/><\/figure>\n<\/div><\/div>\n\n\n\n<div class=\"wp-block-column is-layout-flow wp-block-column-is-layout-flow\"><div class=\"wp-block-image\">\n<figure class=\"aligncenter size-full\"><img decoding=\"async\" width=\"496\" height=\"400\" src=\"https:\/\/cdbaget.com\/wp-content\/uploads\/2023\/07\/Implante-1.jpg\" alt=\"\" class=\"wp-image-1692\" srcset=\"https:\/\/cdbaget.com\/wp-content\/uploads\/2023\/07\/Implante-1.jpg 496w, https:\/\/cdbaget.com\/wp-content\/uploads\/2023\/07\/Implante-1-300x242.jpg 300w\" sizes=\"(max-width: 496px) 100vw, 496px\" \/><\/figure>\n<\/div><\/div>\n<\/div>\n","protected":false},"excerpt":{"rendered":"<p>Cirurgia La cirurgia oral abasta totes aquelles t\u00e8cniques quir\u00fargiques que tracten diverses patologies de la cavitat oral i els seus teixits adjacents. Aquesta especialitat abasta &#8230; <a title=\"Cirurgia i implants\" class=\"read-more\" href=\"https:\/\/cdbaget.com\/ca\/cirurgia-i-implants\/\" aria-label=\"M\u00e9s informaci\u00f3 sobre Cirurgia i implants\">Read more<\/a><\/p>\n","protected":false},"author":1,"featured_media":0,"parent":0,"menu_order":0,"comment_status":"closed","ping_status":"closed","template":"","meta":{"_editorskit_title_hidden":false,"_editorskit_reading_time":0,"_editorskit_is_block_options_detached":false,"_editorskit_block_options_position":"{}","om_disable_all_campaigns":false,"_monsterinsights_skip_tracking":false,"_monsterinsights_sitenote_active":false,"_monsterinsights_sitenote_note":"","_monsterinsights_sitenote_category":0,"_uf_show_specific_survey":0,"_uf_disable_surveys":false,"footnotes":""},"class_list":["post-1804","page","type-page","status-publish"],"aioseo_notices":[],"_links":{"self":[{"href":"https:\/\/cdbaget.com\/ca\/wp-json\/wp\/v2\/pages\/1804","targetHints":{"allow":["GET"]}}],"collection":[{"href":"https:\/\/cdbaget.com\/ca\/wp-json\/wp\/v2\/pages"}],"about":[{"href":"https:\/\/cdbaget.com\/ca\/wp-json\/wp\/v2\/types\/page"}],"author":[{"embeddable":true,"href":"https:\/\/cdbaget.com\/ca\/wp-json\/wp\/v2\/users\/1"}],"replies":[{"embeddable":true,"href":"https:\/\/cdbaget.com\/ca\/wp-json\/wp\/v2\/comments?post=1804"}],"version-history":[{"count":5,"href":"https:\/\/cdbaget.com\/ca\/wp-json\/wp\/v2\/pages\/1804\/revisions"}],"predecessor-version":[{"id":1868,"href":"https:\/\/cdbaget.com\/ca\/wp-json\/wp\/v2\/pages\/1804\/revisions\/1868"}],"wp:attachment":[{"href":"https:\/\/cdbaget.com\/ca\/wp-json\/wp\/v2\/media?parent=1804"}],"curies":[{"name":"wp","href":"https:\/\/api.w.org\/{rel}","templated":true}]}}