{"id":1826,"date":"2023-07-14T08:51:16","date_gmt":"2023-07-14T08:51:16","guid":{"rendered":"https:\/\/cdbaget.com\/endodoncia\/"},"modified":"2023-07-17T07:44:59","modified_gmt":"2023-07-17T07:44:59","slug":"endodoncia","status":"publish","type":"page","link":"https:\/\/cdbaget.com\/ca\/endodoncia\/","title":{"rendered":"Endod\u00f2ncia"},"content":{"rendered":"\n<div class=\"wp-block-columns is-layout-flex wp-container-core-columns-is-layout-9d6595d7 wp-block-columns-is-layout-flex\">\n<div class=\"wp-block-column is-layout-flow wp-block-column-is-layout-flow\"><div class=\"wp-block-image\">\n<figure class=\"aligncenter size-full is-resized\"><img fetchpriority=\"high\" decoding=\"async\" src=\"https:\/\/cdbaget.com\/wp-content\/uploads\/2023\/06\/longFEATendodoncia2-1.jpg\" alt=\"\" class=\"wp-image-1521\" width=\"366\" height=\"244\"\/><\/figure>\n<\/div><\/div>\n\n\n\n<div class=\"wp-block-column has-contrast-color has-text-color is-layout-flow wp-block-column-is-layout-flow\">\n<p class=\"has-text-align-left has-contrast-color has-text-color has-medium-font-size\">\u00c9s la t\u00e8cnica que ens permet mantenir en boca peces dent\u00e0ries amb un grau d&#8217;afecci\u00f3 que sobrepassa l&#8217;esmalt i la dentina, afectant el nervi dental. El progr\u00e9s d&#8217;aquestes t\u00e8cniques ens permet salvar una gran quantitat de peces dent\u00e0ries que d&#8217;una altra forma es perdrien, per la qual cosa \u00e9s un dels pilars b\u00e0sics del tractament odontol\u00f2gic.<br\/>A pesar que aquesta ci\u00e8ncia t\u00e9 ja molts anys de vida, en els \u00faltims anys ha tingut un desenvolupament tecnol\u00f2gic de gran import\u00e0ncia Innovadores t\u00e8cniques radiol\u00f2giques recolzades en la inform\u00e0tica, ens permeten treballar de forma m\u00e9s efica\u00e7 i senzilla, permetent-nos obtenir millors resultats cl\u00ednics.<\/p>\n<\/div>\n<\/div>\n","protected":false},"excerpt":{"rendered":"<p>\u00c9s la t\u00e8cnica que ens permet mantenir en boca peces dent\u00e0ries amb un grau d&#8217;afecci\u00f3 que sobrepassa l&#8217;esmalt i la dentina, afectant el nervi dental. &#8230; <a title=\"Endod\u00f2ncia\" class=\"read-more\" href=\"https:\/\/cdbaget.com\/ca\/endodoncia\/\" aria-label=\"M\u00e9s informaci\u00f3 sobre Endod\u00f2ncia\">Read more<\/a><\/p>\n","protected":false},"author":1,"featured_media":0,"parent":0,"menu_order":0,"comment_status":"closed","ping_status":"closed","template":"","meta":{"_editorskit_title_hidden":false,"_editorskit_reading_time":0,"_editorskit_is_block_options_detached":false,"_editorskit_block_options_position":"{}","om_disable_all_campaigns":false,"_monsterinsights_skip_tracking":false,"_monsterinsights_sitenote_active":false,"_monsterinsights_sitenote_note":"","_monsterinsights_sitenote_category":0,"_uf_show_specific_survey":0,"_uf_disable_surveys":false,"footnotes":""},"class_list":["post-1826","page","type-page","status-publish"],"aioseo_notices":[],"_links":{"self":[{"href":"https:\/\/cdbaget.com\/ca\/wp-json\/wp\/v2\/pages\/1826","targetHints":{"allow":["GET"]}}],"collection":[{"href":"https:\/\/cdbaget.com\/ca\/wp-json\/wp\/v2\/pages"}],"about":[{"href":"https:\/\/cdbaget.com\/ca\/wp-json\/wp\/v2\/types\/page"}],"author":[{"embeddable":true,"href":"https:\/\/cdbaget.com\/ca\/wp-json\/wp\/v2\/users\/1"}],"replies":[{"embeddable":true,"href":"https:\/\/cdbaget.com\/ca\/wp-json\/wp\/v2\/comments?post=1826"}],"version-history":[{"count":1,"href":"https:\/\/cdbaget.com\/ca\/wp-json\/wp\/v2\/pages\/1826\/revisions"}],"predecessor-version":[{"id":1827,"href":"https:\/\/cdbaget.com\/ca\/wp-json\/wp\/v2\/pages\/1826\/revisions\/1827"}],"wp:attachment":[{"href":"https:\/\/cdbaget.com\/ca\/wp-json\/wp\/v2\/media?parent=1826"}],"curies":[{"name":"wp","href":"https:\/\/api.w.org\/{rel}","templated":true}]}}