{"id":1835,"date":"2023-05-29T10:15:13","date_gmt":"2023-05-29T10:15:13","guid":{"rendered":"https:\/\/cdbaget.com\/equip\/"},"modified":"2023-07-17T07:59:38","modified_gmt":"2023-07-17T07:59:38","slug":"equip","status":"publish","type":"page","link":"https:\/\/cdbaget.com\/ca\/equip\/","title":{"rendered":"Equip"},"content":{"rendered":"<section class=\"gb-container gb-container-8a142da5\">\n\n<h2 class=\"gb-headline gb-headline-d28a08b6 gb-headline-text\">Els nostres especialistes<\/h2>\n\n\n\n<p class=\"gb-headline gb-headline-1a05c2e0 gb-headline-text\">Comptem amb un equip de professionals altament qualificats, amb postgraus i especialitzacions en cada \u00e0rea de l&#8217;odontologia, per a oferir un diagn\u00f2stic i tractament prec\u00eds per a cada cas en particular.<\/p>\n\n\n<div class=\"gb-grid-wrapper gb-grid-wrapper-15f978cc\">\n<div class=\"gb-grid-column gb-grid-column-47db40ff\"><div class=\"gb-container gb-container-47db40ff box-shadow\">\n\n<figure class=\"gb-block-image gb-block-image-20983bd1\"><img fetchpriority=\"high\" decoding=\"async\" width=\"2560\" height=\"1707\" class=\"gb-image gb-image-20983bd1\" src=\"https:\/\/cdbaget.com\/wp-content\/uploads\/2023\/06\/IMG_8882-2-1-scaled.jpg\" alt=\"\" title=\"IMG_8882-2-1\" srcset=\"https:\/\/cdbaget.com\/wp-content\/uploads\/2023\/06\/IMG_8882-2-1-scaled.jpg 2560w, https:\/\/cdbaget.com\/wp-content\/uploads\/2023\/06\/IMG_8882-2-1-300x200.jpg 300w, https:\/\/cdbaget.com\/wp-content\/uploads\/2023\/06\/IMG_8882-2-1-1024x683.jpg 1024w, https:\/\/cdbaget.com\/wp-content\/uploads\/2023\/06\/IMG_8882-2-1-768x512.jpg 768w, https:\/\/cdbaget.com\/wp-content\/uploads\/2023\/06\/IMG_8882-2-1-1536x1024.jpg 1536w, https:\/\/cdbaget.com\/wp-content\/uploads\/2023\/06\/IMG_8882-2-1-2048x1365.jpg 2048w\" sizes=\"(max-width: 2560px) 100vw, 2560px\" \/><\/figure>\n\n\n\n<h3 class=\"gb-headline gb-headline-69582859 gb-headline-text\">Daniel Garc\u00eda<\/h3>\n\n\n\n<p class=\"gb-headline gb-headline-52811230 gb-headline-text\">Director<\/p>\n\n\n<div class=\"gb-container gb-container-0e8a19de\"><\/div>\n<\/div><\/div>\n\n<div class=\"gb-grid-column gb-grid-column-96537426\"><div class=\"gb-container gb-container-96537426 box-shadow\">\n\n<figure class=\"gb-block-image gb-block-image-dbc312b0\"><img decoding=\"async\" width=\"2560\" height=\"1705\" class=\"gb-image gb-image-dbc312b0\" src=\"https:\/\/cdbaget.com\/wp-content\/uploads\/2023\/07\/Judith-scaled.jpg\" alt=\"\" title=\"Judith\" srcset=\"https:\/\/cdbaget.com\/wp-content\/uploads\/2023\/07\/Judith-scaled.jpg 2560w, https:\/\/cdbaget.com\/wp-content\/uploads\/2023\/07\/Judith-300x200.jpg 300w, https:\/\/cdbaget.com\/wp-content\/uploads\/2023\/07\/Judith-1024x682.jpg 1024w, https:\/\/cdbaget.com\/wp-content\/uploads\/2023\/07\/Judith-768x512.jpg 768w, https:\/\/cdbaget.com\/wp-content\/uploads\/2023\/07\/Judith-1536x1023.jpg 1536w, https:\/\/cdbaget.com\/wp-content\/uploads\/2023\/07\/Judith-2048x1364.jpg 2048w\" sizes=\"(max-width: 2560px) 100vw, 2560px\" \/><\/figure>\n\n\n\n<h3 class=\"gb-headline gb-headline-63ab6c2b gb-headline-text\">Judith Mart\u00edn<\/h3>\n\n\n\n<p class=\"gb-headline gb-headline-4d49f852 gb-headline-text\">Higienista \u2013 Auxiliar Dental<\/p>\n\n\n<div class=\"gb-container gb-container-222b5c4e\"><\/div>\n<\/div><\/div>\n\n<div class=\"gb-grid-column gb-grid-column-f3d23a66\"><div class=\"gb-container gb-container-f3d23a66 box-shadow\">\n\n<figure class=\"gb-block-image gb-block-image-0168260e\"><img decoding=\"async\" width=\"2560\" height=\"1785\" class=\"gb-image gb-image-0168260e\" src=\"https:\/\/cdbaget.com\/wp-content\/uploads\/2023\/07\/Gaby-scaled.jpg\" alt=\"\" title=\"Gaby\" srcset=\"https:\/\/cdbaget.com\/wp-content\/uploads\/2023\/07\/Gaby-scaled.jpg 2560w, https:\/\/cdbaget.com\/wp-content\/uploads\/2023\/07\/Gaby-300x209.jpg 300w, https:\/\/cdbaget.com\/wp-content\/uploads\/2023\/07\/Gaby-1024x714.jpg 1024w, https:\/\/cdbaget.com\/wp-content\/uploads\/2023\/07\/Gaby-768x536.jpg 768w, https:\/\/cdbaget.com\/wp-content\/uploads\/2023\/07\/Gaby-1536x1071.jpg 1536w, https:\/\/cdbaget.com\/wp-content\/uploads\/2023\/07\/Gaby-2048x1428.jpg 2048w\" sizes=\"(max-width: 2560px) 100vw, 2560px\" \/><\/figure>\n\n\n\n<h3 class=\"gb-headline gb-headline-44d87d3f gb-headline-text\">Dra. M\u00aa Gabriela Centeno<\/h3>\n\n\n\n<p class=\"gb-headline gb-headline-2d1c09fc gb-headline-text\">Cirurgia\/Implants<\/p>\n\n\n<div class=\"gb-container gb-container-a60f5de3\"><\/div>\n<\/div><\/div>\n\n<div class=\"gb-grid-column gb-grid-column-30fa8e7f\"><div class=\"gb-container gb-container-30fa8e7f box-shadow\">\n\n<figure class=\"gb-block-image gb-block-image-07cced52\"><img loading=\"lazy\" decoding=\"async\" width=\"2560\" height=\"1714\" class=\"gb-image gb-image-07cced52\" src=\"https:\/\/cdbaget.com\/wp-content\/uploads\/2023\/07\/Mateos-scaled.jpg\" alt=\"\" title=\"Mateos\" srcset=\"https:\/\/cdbaget.com\/wp-content\/uploads\/2023\/07\/Mateos-scaled.jpg 2560w, https:\/\/cdbaget.com\/wp-content\/uploads\/2023\/07\/Mateos-300x201.jpg 300w, https:\/\/cdbaget.com\/wp-content\/uploads\/2023\/07\/Mateos-1024x685.jpg 1024w, https:\/\/cdbaget.com\/wp-content\/uploads\/2023\/07\/Mateos-768x514.jpg 768w, https:\/\/cdbaget.com\/wp-content\/uploads\/2023\/07\/Mateos-1536x1028.jpg 1536w, https:\/\/cdbaget.com\/wp-content\/uploads\/2023\/07\/Mateos-2048x1371.jpg 2048w\" sizes=\"(max-width: 2560px) 100vw, 2560px\" \/><\/figure>\n\n\n\n<h3 class=\"gb-headline gb-headline-88279566 gb-headline-text\">Dra. Laura Mateos<\/h3>\n\n\n\n<p class=\"gb-headline gb-headline-74c46286 gb-headline-text\">Ortod\u00f2ncia<\/p>\n\n\n<div class=\"gb-container gb-container-7738cd1c\"><\/div>\n<\/div><\/div>\n<\/div>\n\n\n<div style=\"height:20px\" aria-hidden=\"true\" class=\"wp-block-spacer\"><\/div>\n\n\n<div class=\"gb-grid-wrapper gb-grid-wrapper-995fa2d9\">\n<div class=\"gb-grid-column gb-grid-column-2e34217e\"><div class=\"gb-container gb-container-2e34217e box-shadow\">\n\n<figure class=\"gb-block-image gb-block-image-d84595e8\"><img loading=\"lazy\" decoding=\"async\" width=\"2560\" height=\"1720\" class=\"gb-image gb-image-d84595e8\" src=\"https:\/\/cdbaget.com\/wp-content\/uploads\/2023\/07\/Tamara-scaled.jpg\" alt=\"\" title=\"Tamara\" srcset=\"https:\/\/cdbaget.com\/wp-content\/uploads\/2023\/07\/Tamara-scaled.jpg 2560w, https:\/\/cdbaget.com\/wp-content\/uploads\/2023\/07\/Tamara-300x202.jpg 300w, https:\/\/cdbaget.com\/wp-content\/uploads\/2023\/07\/Tamara-1024x688.jpg 1024w, https:\/\/cdbaget.com\/wp-content\/uploads\/2023\/07\/Tamara-768x516.jpg 768w, https:\/\/cdbaget.com\/wp-content\/uploads\/2023\/07\/Tamara-1536x1032.jpg 1536w, https:\/\/cdbaget.com\/wp-content\/uploads\/2023\/07\/Tamara-2048x1376.jpg 2048w\" sizes=\"(max-width: 2560px) 100vw, 2560px\" \/><\/figure>\n\n\n\n<h3 class=\"gb-headline gb-headline-27296c2c gb-headline-text\">Tamara Oca\u00f1a<\/h3>\n\n\n\n<p class=\"gb-headline gb-headline-04926f13 gb-headline-text\">Auxiliar Dental<\/p>\n\n\n<div class=\"gb-container gb-container-68888f55\"><\/div>\n<\/div><\/div>\n\n<div class=\"gb-grid-column gb-grid-column-34947fac\"><div class=\"gb-container gb-container-34947fac box-shadow\">\n\n<figure class=\"gb-block-image gb-block-image-4718c8da\"><img loading=\"lazy\" decoding=\"async\" width=\"2560\" height=\"1720\" class=\"gb-image gb-image-4718c8da\" src=\"https:\/\/cdbaget.com\/wp-content\/uploads\/2023\/07\/Maura-scaled.jpg\" alt=\"\" title=\"Maura\" srcset=\"https:\/\/cdbaget.com\/wp-content\/uploads\/2023\/07\/Maura-scaled.jpg 2560w, https:\/\/cdbaget.com\/wp-content\/uploads\/2023\/07\/Maura-300x202.jpg 300w, https:\/\/cdbaget.com\/wp-content\/uploads\/2023\/07\/Maura-1024x688.jpg 1024w, https:\/\/cdbaget.com\/wp-content\/uploads\/2023\/07\/Maura-768x516.jpg 768w, https:\/\/cdbaget.com\/wp-content\/uploads\/2023\/07\/Maura-1536x1032.jpg 1536w, https:\/\/cdbaget.com\/wp-content\/uploads\/2023\/07\/Maura-2048x1376.jpg 2048w\" sizes=\"(max-width: 2560px) 100vw, 2560px\" \/><\/figure>\n\n\n\n<h3 class=\"gb-headline gb-headline-ff4e3f52 gb-headline-text\">Dra. Maura S\u00e1nchez<\/h3>\n\n\n\n<p class=\"gb-headline gb-headline-b1ac382c gb-headline-text\">Conservadora \/ Prostodoncia<\/p>\n\n\n<div class=\"gb-container gb-container-1373c5e6\"><\/div>\n<\/div><\/div>\n\n<div class=\"gb-grid-column gb-grid-column-3ebbb5ee\"><div class=\"gb-container gb-container-3ebbb5ee box-shadow\">\n\n<figure class=\"gb-block-image gb-block-image-51f9b200\"><img loading=\"lazy\" decoding=\"async\" width=\"2560\" height=\"1822\" class=\"gb-image gb-image-51f9b200\" src=\"https:\/\/cdbaget.com\/wp-content\/uploads\/2023\/07\/Eliana-scaled.jpg\" alt=\"\" title=\"Eliana\" srcset=\"https:\/\/cdbaget.com\/wp-content\/uploads\/2023\/07\/Eliana-scaled.jpg 2560w, https:\/\/cdbaget.com\/wp-content\/uploads\/2023\/07\/Eliana-300x214.jpg 300w, https:\/\/cdbaget.com\/wp-content\/uploads\/2023\/07\/Eliana-1024x729.jpg 1024w, https:\/\/cdbaget.com\/wp-content\/uploads\/2023\/07\/Eliana-768x547.jpg 768w, https:\/\/cdbaget.com\/wp-content\/uploads\/2023\/07\/Eliana-1536x1093.jpg 1536w, https:\/\/cdbaget.com\/wp-content\/uploads\/2023\/07\/Eliana-2048x1458.jpg 2048w\" sizes=\"(max-width: 2560px) 100vw, 2560px\" \/><\/figure>\n\n\n\n<h3 class=\"gb-headline gb-headline-13a0ee58 gb-headline-text\">Dra. Eliana Quintela<\/h3>\n\n\n\n<p class=\"gb-headline gb-headline-17c048bf gb-headline-text\">Endod\u00f2ncia<\/p>\n\n\n<div class=\"gb-container gb-container-c11d7531\"><\/div>\n<\/div><\/div>\n<\/div>\n<\/section><section class=\"gb-container gb-container-a7282769\">\n<div class=\"gb-container gb-container-5e85a90b\">\n\n<h2 class=\"gb-headline gb-headline-4419ca0c gb-headline-text\">El teu somriure \u00e9s el nostre comprom\u00eds<\/h2>\n\n\n\n<p class=\"gb-headline gb-headline-a1f53740 gb-headline-text\"><\/p>\n\n<\/div>\n\n<div class=\"gb-container gb-container-5515d0cc\">\n<div class=\"gb-grid-wrapper gb-grid-wrapper-e8af9cde\">\n<div class=\"gb-grid-column gb-grid-column-943dd33b\"><div class=\"gb-container gb-container-943dd33b\">\n\n<div class=\"gb-headline gb-headline-73fdab1c box-shadow\"><span class=\"gb-icon\"><svg xmlns=\"http:\/\/www.w3.org\/2000\/svg\" viewbox=\"0 0 489.7 489.7\"><path d=\"m311.9 234.8-68.4 118.9-66.1-118.9c-52.1 14-87.9 48.2-87.9 109.6v104.2c96.4 54.8 214.2 54.8 310.7 0V344.5c-.5-61.4-36.2-95.7-88.3-109.7zM183.2 349.2h-8.9v8.9c0 7.7-6.3 14-14 14s-14-6.3-14-14v-8.9h-8.9c-7.7 0-14-6.3-14-14s6.3-14 14-14h8.9v-8.9c0-7.7 6.3-14 14-14s14 6.3 14 14v8.9h8.9c7.7 0 14 6.3 14 14s-6.3 14-14 14zM143.1 107.3c0-38.1 13.6-72.3 35-95.6-5.1 2.3-48 13.9-42 86.7-2.3 28.4-7.8 60.7-33 75.8 20.2 13.2 44.3 20.2 68.4 20.6-17.9-22.6-28.4-53.7-28.4-87.5zM328.2 182c19.8-1.6 39.7-5.8 57.9-12.8-.8-3.5-3.5-6.6-5.8-9.3-26.4-32.3-12.4-82-34.6-117.4-7.4-11.7-18.3-20.6-30.3-27.2 19.8 23.3 32.3 56 32.3 92.1-.1 27.9-7.4 53.6-19.5 74.6z\"><\/path><path d=\"M197.2 219.3v14.8l46.3 80.1 48.6-84v-10.1c-14 8.9-29.9 14-47 14-17.2.4-33.5-5.1-47.9-14.8zM327.8 107.3c0-5.8-.4-12.1-1.2-17.5-22.6-.4-43.9-17.5-55.6-28.4-25.7 31.9-85.9 42-108.5 44.7v1.2c0 59.1 36.9 107.3 82.4 107.3 46 0 82.9-47.8 82.9-107.3z\"><\/path><path d=\"M260.5 41.2c1.6-3.1 8.7-10.2 16.7-2.3 7 8.6 26.8 27.2 45.5 30.7C310.6 28.8 280.7 0 245.3 0c-40 0-73.5 36.9-80.9 85.9 30-3.9 83.3-16.7 96.1-44.7z\"><\/path><\/svg><\/span><\/div>\n\n\n\n<h3 class=\"gb-headline gb-headline-fe4a5917 gb-headline-text\">Professionals qualificats<\/h3>\n\n\n\n<p class=\"gb-headline gb-headline-9457277b gb-headline-text\"><\/p>\n\n<\/div><\/div>\n\n<div class=\"gb-grid-column gb-grid-column-2d9a39cb\"><div class=\"gb-container gb-container-2d9a39cb\">\n\n<div class=\"gb-headline gb-headline-71b74f9f box-shadow\"><span class=\"gb-icon\"><svg xmlns=\"http:\/\/www.w3.org\/2000\/svg\" viewbox=\"0 0 512 512\" width=\"1em\" height=\"1em\" aria-hidden=\"true\"><path d=\"M466.5 83.7l-192-80a48.15 48.15 0 0 0-36.9 0l-192 80C27.7 91.1 16 108.6 16 128c0 198.5 114.5 335.7 221.5 380.3 11.8 4.9 25.1 4.9 36.9 0C360.1 472.6 496 349.3 496 128c0-19.4-11.7-36.9-29.5-44.3zM256.1 446.3l-.1-381 175.9 73.3c-3.3 151.4-82.1 261.1-175.8 307.7z\" fill=\"currentColor\"><\/path><\/svg><\/span><\/div>\n\n\n\n<h3 class=\"gb-headline gb-headline-6d77d6d3 gb-headline-text\">12 anys d&#8217;experi\u00e8ncia<\/h3>\n\n\n\n<p class=\"gb-headline gb-headline-23c29296 gb-headline-text\"><\/p>\n\n<\/div><\/div>\n\n<div class=\"gb-grid-column gb-grid-column-b834fead\"><div class=\"gb-container gb-container-b834fead\">\n\n<div class=\"gb-headline gb-headline-8a238d06 box-shadow\"><span class=\"gb-icon\"><svg xmlns=\"http:\/\/www.w3.org\/2000\/svg\" viewbox=\"0 0 32 32\">.st0{fill:none;stroke:#000;stroke-width:2;stroke-linecap:round;stroke-linejoin:round;stroke-miterlimit:10}<path d=\"m26.4 23.9-6.9-9.4c-.4-.5-.6-1.1-.6-1.8V8c1.1 0 2-.9 2-2V4c0-1.1-.9-2-2-2h-6c-1.1 0-2 .9-2 2v2c0 1.1.9 2 2 2v4.7c0 .6-.2 1.2-.6 1.8l-6.9 9.4c-.2.5-.4 1.1-.4 1.8V27c0 1.7 1.3 3 3 3h16c1.7 0 3-1.3 3-3v-1.3c0-.7-.2-1.3-.6-1.8zM14 15.6c.6-.9 1-1.9 1-2.9V8c0-1.1-.9-2-2-2V4h6v2c-1.1 0-2 .9-2 2v4.7c0 1.1.3 2.1 1 2.9l4.6 6.4H9.4l4.6-6.4z\"><\/path><\/svg><\/span><\/div>\n\n\n\n<h3 class=\"gb-headline gb-headline-a44b5114 gb-headline-text\">Instal\u00b7lacions modernes<\/h3>\n\n\n\n<p class=\"gb-headline gb-headline-15bbfd87 gb-headline-text\"><\/p>\n\n<\/div><\/div>\n\n<div class=\"gb-grid-column gb-grid-column-e95b9f01\"><div class=\"gb-container gb-container-e95b9f01\">\n\n<div class=\"gb-headline gb-headline-3ad47b26 box-shadow\"><span class=\"gb-icon\"><svg xmlns=\"http:\/\/www.w3.org\/2000\/svg\" viewbox=\"0 0 448 512\" width=\"1em\" height=\"1em\" aria-hidden=\"true\"><path d=\"M148 288h-40c-6.6 0-12-5.4-12-12v-40c0-6.6 5.4-12 12-12h40c6.6 0 12 5.4 12 12v40c0 6.6-5.4 12-12 12zm108-12v-40c0-6.6-5.4-12-12-12h-40c-6.6 0-12 5.4-12 12v40c0 6.6 5.4 12 12 12h40c6.6 0 12-5.4 12-12zm96 0v-40c0-6.6-5.4-12-12-12h-40c-6.6 0-12 5.4-12 12v40c0 6.6 5.4 12 12 12h40c6.6 0 12-5.4 12-12zm-96 96v-40c0-6.6-5.4-12-12-12h-40c-6.6 0-12 5.4-12 12v40c0 6.6 5.4 12 12 12h40c6.6 0 12-5.4 12-12zm-96 0v-40c0-6.6-5.4-12-12-12h-40c-6.6 0-12 5.4-12 12v40c0 6.6 5.4 12 12 12h40c6.6 0 12-5.4 12-12zm192 0v-40c0-6.6-5.4-12-12-12h-40c-6.6 0-12 5.4-12 12v40c0 6.6 5.4 12 12 12h40c6.6 0 12-5.4 12-12zm96-260v352c0 26.5-21.5 48-48 48H48c-26.5 0-48-21.5-48-48V112c0-26.5 21.5-48 48-48h48V12c0-6.6 5.4-12 12-12h40c6.6 0 12 5.4 12 12v52h128V12c0-6.6 5.4-12 12-12h40c6.6 0 12 5.4 12 12v52h48c26.5 0 48 21.5 48 48zm-48 346V160H48v298c0 3.3 2.7 6 6 6h340c3.3 0 6-2.7 6-6z\" fill=\"currentColor\"><\/path><\/svg><\/span><\/div>\n\n\n\n<h3 class=\"gb-headline gb-headline-14bdfea4 gb-headline-text\">Agendes flexibles<\/h3>\n\n\n\n<p class=\"gb-headline gb-headline-a2cc14a8 gb-headline-text\"><\/p>\n\n<\/div><\/div>\n\n<div class=\"gb-grid-column gb-grid-column-0d89fb48\"><div class=\"gb-container gb-container-0d89fb48\">\n\n<div class=\"gb-headline gb-headline-4b4487b3 box-shadow\"><span class=\"gb-icon\"><svg xmlns=\"http:\/\/www.w3.org\/2000\/svg\" viewbox=\"0 0 342.84 342.84\"><path d=\"M188.365.545c-50.53 0-97.23 24.744-125.866 64.929 7.257 2.05 13.915 5.92 19.401 11.401l4.717 4.717c23.306-32.233 60.994-52.047 101.748-52.047 69.187 0 125.475 56.289 125.475 125.477 0 40.957-19.755 78.521-52.016 101.777l3.643 3.643a44.614 44.614 0 0 1 11.809 20.942c40.614-28.537 65.564-75.303 65.564-126.362C342.84 69.843 273.543.545 188.365.545zM210.072 240.764c-4.131-4.131-9.78-6.2-15.714-5.604-10.477 1.059-20.305 5.092-28.421 11.665a6.396 6.396 0 0 1-4.033 1.418 6.428 6.428 0 0 1-3.99-1.387 410.127 410.127 0 0 1-62.399-62.435c-1.884-2.326-1.878-5.72.027-8.056 6.555-8.095 10.583-17.917 11.638-28.388a19.414 19.414 0 0 0-5.604-15.717L64.045 94.733a19.343 19.343 0 0 0-13.756-5.699c-.626 0-1.269.031-1.908.093-12.29 1.205-23.893 6.7-32.663 15.472-16.863 16.866-20.593 43.159-9.069 63.942 29.353 53.547 99.945 130.727 167.293 167.231 7.827 4.27 16.702 6.523 25.678 6.523 14.268 0 28.162-5.711 38.121-15.67 8.771-8.774 14.268-20.378 15.473-32.673a19.397 19.397 0 0 0-5.609-15.66l-37.533-37.528z\"><\/path><path d=\"M194.379 52.67c-5.523 0-10 4.477-10 10v82c0 5.523 4.477 10 10 10h76.461c5.522 0 10-4.477 10-10s-4.478-10-10-10h-66.461v-72c0-5.523-4.478-10-10-10z\"><\/path><\/svg><\/span><\/div>\n\n\n\n<h3 class=\"gb-headline gb-headline-76e6a4d0 gb-headline-text\">Resposta eficient<\/h3>\n\n\n\n<p class=\"gb-headline gb-headline-1a727f05 gb-headline-text\"><\/p>\n\n<\/div><\/div>\n\n<div class=\"gb-grid-column gb-grid-column-8656c501\"><div class=\"gb-container gb-container-8656c501\">\n\n<div class=\"gb-headline gb-headline-4b996f09 box-shadow\"><span class=\"gb-icon\"><svg xmlns=\"http:\/\/www.w3.org\/2000\/svg\" viewbox=\"0 0 179.709 179.709\"><path d=\"M149.323 17.905h-20.039v-2.849a7.5 7.5 0 0 0-7.5-7.5h-6.195V7.5a7.5 7.5 0 0 0-7.5-7.5H71.227a7.5 7.5 0 0 0-7.5 7.5v.057h-6.189a7.5 7.5 0 0 0-7.5 7.5v2.849H30.386a7.5 7.5 0 0 0-7.5 7.5V172.21a7.5 7.5 0 0 0 7.5 7.5h118.938a7.5 7.5 0 0 0 7.5-7.5V25.405a7.501 7.501 0 0 0-7.501-7.5zm-84.285 4.652h6.189a7.5 7.5 0 0 0 7.5-7.5V15h21.861v.057a7.5 7.5 0 0 0 7.5 7.5h6.195v15.96H65.038v-15.96zm76.785 142.152H37.886V32.905h12.152v13.111a7.5 7.5 0 0 0 7.5 7.5h64.246a7.5 7.5 0 0 0 7.5-7.5V32.905h12.539v131.804z\"><\/path><path d=\"M118.993 72.892H60.716a7.5 7.5 0 0 0-7.5 7.5 7.5 7.5 0 0 0 7.5 7.5h58.277a7.5 7.5 0 0 0 7.5-7.5c0-4.143-3.357-7.5-7.5-7.5zM118.993 99.783H60.716a7.5 7.5 0 0 0-7.5 7.5 7.5 7.5 0 0 0 7.5 7.5h58.277a7.5 7.5 0 0 0 7.5-7.5 7.5 7.5 0 0 0-7.5-7.5zM118.993 126.681H60.716a7.5 7.5 0 0 0-7.5 7.5c0 4.143 3.357 7.5 7.5 7.5h58.277c4.143 0 7.5-3.357 7.5-7.5a7.5 7.5 0 0 0-7.5-7.5z\"><\/path><\/svg><\/span><\/div>\n\n\n\n<h3 class=\"gb-headline gb-headline-3616ea0f gb-headline-text\">Resultats \u00f2ptims<\/h3>\n\n\n\n<p class=\"gb-headline gb-headline-ef8ecce4 gb-headline-text\"><\/p>\n\n<\/div><\/div>\n<\/div>\n<\/div>\n<\/section><section class=\"gb-container gb-container-173c66c2\">\n<div class=\"gb-container gb-container-7ead63e5\">\n<div class=\"gb-grid-wrapper gb-grid-wrapper-bd91a311\">\n<div class=\"gb-grid-column gb-grid-column-8cd8f66e\"><div class=\"gb-container gb-container-8cd8f66e\">\n\n<h2 class=\"gb-headline gb-headline-3d4b089e gb-headline-text\">12<\/h2>\n\n\n\n<p class=\"gb-headline gb-headline-79c41031 gb-headline-text\">Anys d&#8217;experi\u00e8ncia<\/p>\n\n<\/div><\/div>\n\n<div class=\"gb-grid-column gb-grid-column-a13fef2e\"><div class=\"gb-container gb-container-a13fef2e\">\n\n<h2 class=\"gb-headline gb-headline-aa3548c4 gb-headline-text\">Equip<\/h2>\n\n\n\n<p class=\"gb-headline gb-headline-9f9e6803 gb-headline-text\">Multidisciplinari<\/p>\n\n<\/div><\/div>\n\n<div class=\"gb-grid-column gb-grid-column-ce90650f\"><div class=\"gb-container gb-container-ce90650f\">\n\n<h2 class=\"gb-headline gb-headline-2ca330c9 gb-headline-text\">+3000<\/h2>\n\n\n\n<p class=\"gb-headline gb-headline-d264e2fe gb-headline-text\">Pacients satisfets<\/p>\n\n<\/div><\/div>\n\n<div class=\"gb-grid-column gb-grid-column-bfe8b97e\"><div class=\"gb-container gb-container-bfe8b97e\">\n\n<h2 class=\"gb-headline gb-headline-83a3b4f7 gb-headline-text\">Tecnologia<\/h2>\n\n\n\n<p class=\"gb-headline gb-headline-72586ed2 gb-headline-text\">Innovadora<\/p>\n\n<\/div><\/div>\n<\/div>\n<\/div>\n<\/section><section class=\"gb-container gb-container-08654e19\"><\/section>","protected":false},"excerpt":{"rendered":"<p>Els nostres especialistes Comptem amb un equip de professionals altament qualificats, amb postgraus i especialitzacions en cada \u00e0rea de l&#8217;odontologia, per a oferir un diagn\u00f2stic &#8230; <a title=\"Equip\" class=\"read-more\" href=\"https:\/\/cdbaget.com\/ca\/equip\/\" aria-label=\"M\u00e9s informaci\u00f3 sobre Equip\">Read more<\/a><\/p>\n","protected":false},"author":1,"featured_media":0,"parent":0,"menu_order":0,"comment_status":"closed","ping_status":"closed","template":"","meta":{"_editorskit_title_hidden":false,"_editorskit_reading_time":0,"_editorskit_is_block_options_detached":false,"_editorskit_block_options_position":"{}","om_disable_all_campaigns":false,"_monsterinsights_skip_tracking":false,"_monsterinsights_sitenote_active":false,"_monsterinsights_sitenote_note":"","_monsterinsights_sitenote_category":0,"_uf_show_specific_survey":0,"_uf_disable_surveys":false,"footnotes":""},"class_list":["post-1835","page","type-page","status-publish"],"aioseo_notices":[],"_links":{"self":[{"href":"https:\/\/cdbaget.com\/ca\/wp-json\/wp\/v2\/pages\/1835","targetHints":{"allow":["GET"]}}],"collection":[{"href":"https:\/\/cdbaget.com\/ca\/wp-json\/wp\/v2\/pages"}],"about":[{"href":"https:\/\/cdbaget.com\/ca\/wp-json\/wp\/v2\/types\/page"}],"author":[{"embeddable":true,"href":"https:\/\/cdbaget.com\/ca\/wp-json\/wp\/v2\/users\/1"}],"replies":[{"embeddable":true,"href":"https:\/\/cdbaget.com\/ca\/wp-json\/wp\/v2\/comments?post=1835"}],"version-history":[{"count":3,"href":"https:\/\/cdbaget.com\/ca\/wp-json\/wp\/v2\/pages\/1835\/revisions"}],"predecessor-version":[{"id":1838,"href":"https:\/\/cdbaget.com\/ca\/wp-json\/wp\/v2\/pages\/1835\/revisions\/1838"}],"wp:attachment":[{"href":"https:\/\/cdbaget.com\/ca\/wp-json\/wp\/v2\/media?parent=1835"}],"curies":[{"name":"wp","href":"https:\/\/api.w.org\/{rel}","templated":true}]}}