{"id":1839,"date":"2023-07-14T08:58:19","date_gmt":"2023-07-14T08:58:19","guid":{"rendered":"https:\/\/cdbaget.com\/escaner-3d\/"},"modified":"2023-07-17T08:01:31","modified_gmt":"2023-07-17T08:01:31","slug":"escaner-3d","status":"publish","type":"page","link":"https:\/\/cdbaget.com\/ca\/escaner-3d\/","title":{"rendered":"Escaner 3D"},"content":{"rendered":"\n<div class=\"wp-block-columns is-layout-flex wp-container-core-columns-is-layout-9d6595d7 wp-block-columns-is-layout-flex\">\n<div class=\"wp-block-column is-layout-flow wp-block-column-is-layout-flow\"><div class=\"wp-block-image\">\n<figure class=\"aligncenter size-large\"><img fetchpriority=\"high\" decoding=\"async\" width=\"1024\" height=\"576\" src=\"https:\/\/cdbaget.com\/wp-content\/uploads\/2023\/07\/Escaner-1024x576.png\" alt=\"\" class=\"wp-image-1658\" srcset=\"https:\/\/cdbaget.com\/wp-content\/uploads\/2023\/07\/Escaner-1024x576.png 1024w, https:\/\/cdbaget.com\/wp-content\/uploads\/2023\/07\/Escaner-300x169.png 300w, https:\/\/cdbaget.com\/wp-content\/uploads\/2023\/07\/Escaner-768x432.png 768w, https:\/\/cdbaget.com\/wp-content\/uploads\/2023\/07\/Escaner-1536x864.png 1536w, https:\/\/cdbaget.com\/wp-content\/uploads\/2023\/07\/Escaner.png 1920w\" sizes=\"(max-width: 1024px) 100vw, 1024px\" \/><\/figure>\n<\/div><\/div>\n\n\n\n<div class=\"wp-block-column has-contrast-color has-text-color has-small-font-size is-layout-flow wp-block-column-is-layout-flow\">\n<p class=\"has-contrast-color has-text-color has-medium-font-size\"><br\/>El escaner 3D \u00e9s una eina amb l&#8217;\u00faltima tecnologia, que ens permet capturar en temps real la boca del pacient, amb una precisi\u00f3 del 100%.<\/p>\n\n\n\n<p class=\"has-contrast-color has-text-color has-medium-font-size\">El seu programari es recrea la dentadura amb una precisi\u00f3 que supera en molt les tradicionals amb motlle, i aix\u00f2 ens ajuda al fet que els tractaments siguin m\u00e9s eficients i que el pacient es trobi m\u00e9s c\u00f2mode en la butaca dental.<\/p>\n<\/div>\n<\/div>\n","protected":false},"excerpt":{"rendered":"<p>El escaner 3D \u00e9s una eina amb l&#8217;\u00faltima tecnologia, que ens permet capturar en temps real la boca del pacient, amb una precisi\u00f3 del 100%. &#8230; <a title=\"Escaner 3D\" class=\"read-more\" href=\"https:\/\/cdbaget.com\/ca\/escaner-3d\/\" aria-label=\"M\u00e9s informaci\u00f3 sobre Escaner 3D\">Read more<\/a><\/p>\n","protected":false},"author":1,"featured_media":0,"parent":0,"menu_order":0,"comment_status":"closed","ping_status":"closed","template":"","meta":{"_editorskit_title_hidden":false,"_editorskit_reading_time":0,"_editorskit_is_block_options_detached":false,"_editorskit_block_options_position":"{}","om_disable_all_campaigns":false,"_monsterinsights_skip_tracking":false,"_monsterinsights_sitenote_active":false,"_monsterinsights_sitenote_note":"","_monsterinsights_sitenote_category":0,"_uf_show_specific_survey":0,"_uf_disable_surveys":false,"footnotes":""},"class_list":["post-1839","page","type-page","status-publish"],"aioseo_notices":[],"_links":{"self":[{"href":"https:\/\/cdbaget.com\/ca\/wp-json\/wp\/v2\/pages\/1839","targetHints":{"allow":["GET"]}}],"collection":[{"href":"https:\/\/cdbaget.com\/ca\/wp-json\/wp\/v2\/pages"}],"about":[{"href":"https:\/\/cdbaget.com\/ca\/wp-json\/wp\/v2\/types\/page"}],"author":[{"embeddable":true,"href":"https:\/\/cdbaget.com\/ca\/wp-json\/wp\/v2\/users\/1"}],"replies":[{"embeddable":true,"href":"https:\/\/cdbaget.com\/ca\/wp-json\/wp\/v2\/comments?post=1839"}],"version-history":[{"count":1,"href":"https:\/\/cdbaget.com\/ca\/wp-json\/wp\/v2\/pages\/1839\/revisions"}],"predecessor-version":[{"id":1840,"href":"https:\/\/cdbaget.com\/ca\/wp-json\/wp\/v2\/pages\/1839\/revisions\/1840"}],"wp:attachment":[{"href":"https:\/\/cdbaget.com\/ca\/wp-json\/wp\/v2\/media?parent=1839"}],"curies":[{"name":"wp","href":"https:\/\/api.w.org\/{rel}","templated":true}]}}