{"id":1845,"date":"2023-07-14T08:51:54","date_gmt":"2023-07-14T08:51:54","guid":{"rendered":"https:\/\/cdbaget.com\/odontopediatria\/"},"modified":"2023-07-17T08:13:01","modified_gmt":"2023-07-17T08:13:01","slug":"odontopediatria","status":"publish","type":"page","link":"https:\/\/cdbaget.com\/ca\/odontopediatria\/","title":{"rendered":"Odontopediatr\u00eda"},"content":{"rendered":"\n<div class=\"wp-block-columns is-layout-flex wp-container-core-columns-is-layout-9d6595d7 wp-block-columns-is-layout-flex\">\n<div class=\"wp-block-column is-layout-flow wp-block-column-is-layout-flow\">\n<figure class=\"wp-block-image size-large\"><img fetchpriority=\"high\" decoding=\"async\" width=\"1024\" height=\"576\" src=\"https:\/\/cdbaget.com\/wp-content\/uploads\/2023\/07\/pediatric-dentistry-1024x576.jpg\" alt=\"\" class=\"wp-image-1697\" srcset=\"https:\/\/cdbaget.com\/wp-content\/uploads\/2023\/07\/pediatric-dentistry-1024x576.jpg 1024w, https:\/\/cdbaget.com\/wp-content\/uploads\/2023\/07\/pediatric-dentistry-300x169.jpg 300w, https:\/\/cdbaget.com\/wp-content\/uploads\/2023\/07\/pediatric-dentistry-768x432.jpg 768w, https:\/\/cdbaget.com\/wp-content\/uploads\/2023\/07\/pediatric-dentistry-1536x864.jpg 1536w, https:\/\/cdbaget.com\/wp-content\/uploads\/2023\/07\/pediatric-dentistry.jpg 1920w\" sizes=\"(max-width: 1024px) 100vw, 1024px\" \/><\/figure>\n<\/div>\n\n\n\n<div class=\"wp-block-column is-vertically-aligned-center has-contrast-color has-text-color is-layout-flow wp-block-column-is-layout-flow\">\n<p class=\"has-contrast-color has-text-color\"><br\/>\u00c9s la branca de l&#8217;odontologia encarregada de tractar nens. S&#8217;utilitzen b\u00e0sicament les mateixes t\u00e8cniques que en adults, adaptades a la psicol\u00f2gica infantil i a les situacions de creixement i desenvolupament dels nens.<br\/>\u00c9s important adaptar al nen a la consulta odontol\u00f2gica, cosa que significa aconseguir i mantenir la seva col\u00b7laboraci\u00f3 al tractament mitjan\u00e7ant un proc\u00e9s d&#8217;ensenyament-aprenentatge a trav\u00e9s del qual s&#8217;adquireixen valors, actituds i coneixements que promouran en el nen una actitud positiva davant el tractament dental; per la qual cosa \u00e9s recomanable afrontar primer l&#8217;eliminaci\u00f3 de temors i l&#8217;ansietat del pacient infantil i despr\u00e9s continuar amb el tractament de les seves patologies dent\u00e0ries.<\/p>\n<\/div>\n<\/div>\n","protected":false},"excerpt":{"rendered":"<p>\u00c9s la branca de l&#8217;odontologia encarregada de tractar nens. S&#8217;utilitzen b\u00e0sicament les mateixes t\u00e8cniques que en adults, adaptades a la psicol\u00f2gica infantil i a les &#8230; <a title=\"Odontopediatr\u00eda\" class=\"read-more\" href=\"https:\/\/cdbaget.com\/ca\/odontopediatria\/\" aria-label=\"M\u00e9s informaci\u00f3 sobre Odontopediatr\u00eda\">Read more<\/a><\/p>\n","protected":false},"author":1,"featured_media":0,"parent":0,"menu_order":0,"comment_status":"closed","ping_status":"closed","template":"","meta":{"_editorskit_title_hidden":false,"_editorskit_reading_time":0,"_editorskit_is_block_options_detached":false,"_editorskit_block_options_position":"{}","om_disable_all_campaigns":false,"_monsterinsights_skip_tracking":false,"_monsterinsights_sitenote_active":false,"_monsterinsights_sitenote_note":"","_monsterinsights_sitenote_category":0,"_uf_show_specific_survey":0,"_uf_disable_surveys":false,"footnotes":""},"class_list":["post-1845","page","type-page","status-publish"],"aioseo_notices":[],"_links":{"self":[{"href":"https:\/\/cdbaget.com\/ca\/wp-json\/wp\/v2\/pages\/1845","targetHints":{"allow":["GET"]}}],"collection":[{"href":"https:\/\/cdbaget.com\/ca\/wp-json\/wp\/v2\/pages"}],"about":[{"href":"https:\/\/cdbaget.com\/ca\/wp-json\/wp\/v2\/types\/page"}],"author":[{"embeddable":true,"href":"https:\/\/cdbaget.com\/ca\/wp-json\/wp\/v2\/users\/1"}],"replies":[{"embeddable":true,"href":"https:\/\/cdbaget.com\/ca\/wp-json\/wp\/v2\/comments?post=1845"}],"version-history":[{"count":1,"href":"https:\/\/cdbaget.com\/ca\/wp-json\/wp\/v2\/pages\/1845\/revisions"}],"predecessor-version":[{"id":1846,"href":"https:\/\/cdbaget.com\/ca\/wp-json\/wp\/v2\/pages\/1845\/revisions\/1846"}],"wp:attachment":[{"href":"https:\/\/cdbaget.com\/ca\/wp-json\/wp\/v2\/media?parent=1845"}],"curies":[{"name":"wp","href":"https:\/\/api.w.org\/{rel}","templated":true}]}}