{"id":1847,"date":"2023-07-14T08:52:36","date_gmt":"2023-07-14T08:52:36","guid":{"rendered":"https:\/\/cdbaget.com\/ortodoncia\/"},"modified":"2023-07-17T08:19:14","modified_gmt":"2023-07-17T08:19:14","slug":"ortodoncia","status":"publish","type":"page","link":"https:\/\/cdbaget.com\/ca\/ortodoncia\/","title":{"rendered":"Ortod\u00f2ncia"},"content":{"rendered":"\n<div class=\"wp-block-columns is-layout-flex wp-container-core-columns-is-layout-9d6595d7 wp-block-columns-is-layout-flex\">\n<div class=\"wp-block-column is-layout-flow wp-block-column-is-layout-flow\">\n<figure class=\"wp-block-image size-full is-resized\"><img fetchpriority=\"high\" decoding=\"async\" src=\"https:\/\/cdbaget.com\/wp-content\/uploads\/2023\/06\/longFEATortodoncia2.jpg\" alt=\"\" class=\"wp-image-1499\" width=\"519\" height=\"345\"\/><\/figure>\n<\/div>\n\n\n\n<div class=\"wp-block-column is-vertically-aligned-center has-contrast-color has-text-color is-layout-flow wp-block-column-is-layout-flow\">\n<p class=\"has-contrast-color has-text-color\"><br\/>L&#8217;Ortod\u00f2ncia \u00e9s l&#8217;especialitat que s&#8217;encarrega de l&#8217;estudi, prevenci\u00f3, diagn\u00f2stic i tractament de les anomalies de forma, posici\u00f3 i funci\u00f3 de les estructures dentals i els complexos maxil\u00b7lars.<\/p>\n\n\n\n<p class=\"has-contrast-color has-text-color\">Aquesta especialitat combinada amb altres branques de l&#8217;odontologia ens permet recuperar de manera perfecta la funci\u00f3 i l&#8217;est\u00e8tica dental.<\/p>\n\n\n\n<p class=\"has-contrast-color has-text-color\">Oferim diverses opcions de tractaments com ho s\u00f3n l&#8217;ortod\u00f2ncia interceptiva (amb aparatolog\u00eda tant fixa com amovible), ortod\u00f2ncia fixa, ortod\u00f2ncia autoligable i una de les tend\u00e8ncies m\u00e9s actuals que \u00e9s l&#8217;ortod\u00f2ncia invisible, en aquesta \u00faltima treballem de la m\u00e0 de Clearcorrect de la casa Straumann, marca pionera en aquesta \u00e0rea.<\/p>\n\n\n\n<figure class=\"wp-block-image size-medium\"><img decoding=\"async\" width=\"300\" height=\"47\" src=\"https:\/\/cdbaget.com\/wp-content\/uploads\/2023\/07\/image-300x47.png\" alt=\"\" class=\"wp-image-1702\" srcset=\"https:\/\/cdbaget.com\/wp-content\/uploads\/2023\/07\/image-300x47.png 300w, https:\/\/cdbaget.com\/wp-content\/uploads\/2023\/07\/image-768x121.png 768w, https:\/\/cdbaget.com\/wp-content\/uploads\/2023\/07\/image.png 1000w\" sizes=\"(max-width: 300px) 100vw, 300px\" \/><\/figure>\n<\/div>\n<\/div>\n","protected":false},"excerpt":{"rendered":"<p>L&#8217;Ortod\u00f2ncia \u00e9s l&#8217;especialitat que s&#8217;encarrega de l&#8217;estudi, prevenci\u00f3, diagn\u00f2stic i tractament de les anomalies de forma, posici\u00f3 i funci\u00f3 de les estructures dentals i els &#8230; <a title=\"Ortod\u00f2ncia\" class=\"read-more\" href=\"https:\/\/cdbaget.com\/ca\/ortodoncia\/\" aria-label=\"M\u00e9s informaci\u00f3 sobre Ortod\u00f2ncia\">Read more<\/a><\/p>\n","protected":false},"author":1,"featured_media":0,"parent":0,"menu_order":0,"comment_status":"closed","ping_status":"closed","template":"","meta":{"_editorskit_title_hidden":false,"_editorskit_reading_time":0,"_editorskit_is_block_options_detached":false,"_editorskit_block_options_position":"{}","om_disable_all_campaigns":false,"_monsterinsights_skip_tracking":false,"_monsterinsights_sitenote_active":false,"_monsterinsights_sitenote_note":"","_monsterinsights_sitenote_category":0,"_uf_show_specific_survey":0,"_uf_disable_surveys":false,"footnotes":""},"class_list":["post-1847","page","type-page","status-publish"],"aioseo_notices":[],"_links":{"self":[{"href":"https:\/\/cdbaget.com\/ca\/wp-json\/wp\/v2\/pages\/1847","targetHints":{"allow":["GET"]}}],"collection":[{"href":"https:\/\/cdbaget.com\/ca\/wp-json\/wp\/v2\/pages"}],"about":[{"href":"https:\/\/cdbaget.com\/ca\/wp-json\/wp\/v2\/types\/page"}],"author":[{"embeddable":true,"href":"https:\/\/cdbaget.com\/ca\/wp-json\/wp\/v2\/users\/1"}],"replies":[{"embeddable":true,"href":"https:\/\/cdbaget.com\/ca\/wp-json\/wp\/v2\/comments?post=1847"}],"version-history":[{"count":1,"href":"https:\/\/cdbaget.com\/ca\/wp-json\/wp\/v2\/pages\/1847\/revisions"}],"predecessor-version":[{"id":1848,"href":"https:\/\/cdbaget.com\/ca\/wp-json\/wp\/v2\/pages\/1847\/revisions\/1848"}],"wp:attachment":[{"href":"https:\/\/cdbaget.com\/ca\/wp-json\/wp\/v2\/media?parent=1847"}],"curies":[{"name":"wp","href":"https:\/\/api.w.org\/{rel}","templated":true}]}}