{"id":1849,"date":"2023-07-14T08:54:32","date_gmt":"2023-07-14T08:54:32","guid":{"rendered":"https:\/\/cdbaget.com\/periodoncia\/"},"modified":"2023-07-17T08:25:34","modified_gmt":"2023-07-17T08:25:34","slug":"periodoncia","status":"publish","type":"page","link":"https:\/\/cdbaget.com\/ca\/periodoncia\/","title":{"rendered":"Period\u00f2ncia"},"content":{"rendered":"\n<div class=\"wp-block-columns is-layout-flex wp-container-core-columns-is-layout-9d6595d7 wp-block-columns-is-layout-flex\">\n<div class=\"wp-block-column is-layout-flow wp-block-column-is-layout-flow\">\n<figure class=\"wp-block-image size-full\"><img fetchpriority=\"high\" decoding=\"async\" width=\"600\" height=\"400\" src=\"https:\/\/cdbaget.com\/wp-content\/uploads\/2023\/07\/Periodoncia-2.webp\" alt=\"\" class=\"wp-image-1662\" srcset=\"https:\/\/cdbaget.com\/wp-content\/uploads\/2023\/07\/Periodoncia-2.webp 600w, https:\/\/cdbaget.com\/wp-content\/uploads\/2023\/07\/Periodoncia-2-300x200.webp 300w\" sizes=\"(max-width: 600px) 100vw, 600px\" \/><\/figure>\n<\/div>\n\n\n\n<div class=\"wp-block-column is-vertically-aligned-center has-contrast-color has-text-color is-layout-flow wp-block-column-is-layout-flow\">\n<p>\u00c9s la base de l&#8217;\u00e8xit en l&#8217;odontologia, abasta l&#8217;\u00e0rea que tracta el suport de les dents (genives i os). La period\u00f2ncia es pot definir com el conjunt de t\u00e8cniques destinades a la curaci\u00f3 de les malalties que afecten els teixits de sustentaci\u00f3 de les dents; sense una adequada salut en els teixits de suport, tots els altres tractaments que apliquem al sistema masticatori seran in\u00fatils.<\/p>\n\n\n\n<p>La malaltia periodontal, afecta a gran nombre de persones de diferents edats; no obstant aix\u00f2 molts dels nostres pacients desconeixen que sofreixen el problema. Per aquesta ra\u00f3 se&#8217;n diu la \u201cmalaltia silenciosa\u201d, ja que no fa mal fins a arribar a estadis molt avan\u00e7ats de desenvolupament.<\/p>\n\n\n\n<p>La visita peri\u00f2dica i l&#8217;exploraci\u00f3 adequada s\u00f3n determinants per a la detecci\u00f3 de la malaltia periodontal i la prevenci\u00f3 dels efectes devastadors que produeix.<\/p>\n<\/div>\n<\/div>\n","protected":false},"excerpt":{"rendered":"<p>\u00c9s la base de l&#8217;\u00e8xit en l&#8217;odontologia, abasta l&#8217;\u00e0rea que tracta el suport de les dents (genives i os). La period\u00f2ncia es pot definir com &#8230; <a title=\"Period\u00f2ncia\" class=\"read-more\" href=\"https:\/\/cdbaget.com\/ca\/periodoncia\/\" aria-label=\"M\u00e9s informaci\u00f3 sobre Period\u00f2ncia\">Read more<\/a><\/p>\n","protected":false},"author":1,"featured_media":0,"parent":0,"menu_order":0,"comment_status":"closed","ping_status":"closed","template":"","meta":{"_editorskit_title_hidden":false,"_editorskit_reading_time":0,"_editorskit_is_block_options_detached":false,"_editorskit_block_options_position":"{}","om_disable_all_campaigns":false,"_monsterinsights_skip_tracking":false,"_monsterinsights_sitenote_active":false,"_monsterinsights_sitenote_note":"","_monsterinsights_sitenote_category":0,"_uf_show_specific_survey":0,"_uf_disable_surveys":false,"footnotes":""},"class_list":["post-1849","page","type-page","status-publish"],"aioseo_notices":[],"_links":{"self":[{"href":"https:\/\/cdbaget.com\/ca\/wp-json\/wp\/v2\/pages\/1849","targetHints":{"allow":["GET"]}}],"collection":[{"href":"https:\/\/cdbaget.com\/ca\/wp-json\/wp\/v2\/pages"}],"about":[{"href":"https:\/\/cdbaget.com\/ca\/wp-json\/wp\/v2\/types\/page"}],"author":[{"embeddable":true,"href":"https:\/\/cdbaget.com\/ca\/wp-json\/wp\/v2\/users\/1"}],"replies":[{"embeddable":true,"href":"https:\/\/cdbaget.com\/ca\/wp-json\/wp\/v2\/comments?post=1849"}],"version-history":[{"count":1,"href":"https:\/\/cdbaget.com\/ca\/wp-json\/wp\/v2\/pages\/1849\/revisions"}],"predecessor-version":[{"id":1850,"href":"https:\/\/cdbaget.com\/ca\/wp-json\/wp\/v2\/pages\/1849\/revisions\/1850"}],"wp:attachment":[{"href":"https:\/\/cdbaget.com\/ca\/wp-json\/wp\/v2\/media?parent=1849"}],"curies":[{"name":"wp","href":"https:\/\/api.w.org\/{rel}","templated":true}]}}