{"id":1851,"date":"2023-06-16T10:58:02","date_gmt":"2023-06-16T10:58:02","guid":{"rendered":"https:\/\/cdbaget.com\/politica-de-cookies\/"},"modified":"2023-07-17T08:59:16","modified_gmt":"2023-07-17T08:59:16","slug":"politica-de-cookies","status":"publish","type":"page","link":"https:\/\/cdbaget.com\/ca\/politica-de-cookies\/","title":{"rendered":"Pol\u00edtica de cookies"},"content":{"rendered":"\n<p><strong>COOKIES<\/strong><\/p>\n\n<p>Utilitzem cookies per a facilitar l&#8217;\u00fas de la nostra p\u00e0gina web. Les cookies s\u00f3n petits fitxers d&#8217;informaci\u00f3 que ens permeten comparar i entendre com els nostres usuaris naveguen a trav\u00e9s de la nostra p\u00e0gina web, i d&#8217;aquesta manera poder millorar conseq\u00fcentment el proc\u00e9s de navegaci\u00f3<\/p>\n\n<p>Les cookies que utilitzem no emmagatzemen cap dada personal, ni cap mena d&#8217;informaci\u00f3 que pugui identificar-li. En cas de no voler rebre cookies, si us plau configuri el seu navegador d&#8217;Internet perqu\u00e8 les esborri del disc dur del seu ordinador, les bloquegi o li avisi en cas d&#8217;instal\u00b7laci\u00f3 d&#8217;aquestes.<\/p>\n\n<p>Per a continuar sense canvis en la configuraci\u00f3 de les cookies, simplement continu\u00ef en la p\u00e0gina web.<\/p>\n\n<p>Pots obtenir m\u00e9s informaci\u00f3 sobre les cookies i el seu \u00fas en www.aboutcookies.org.<\/p>\n\n<p>Els tipus de cookies que utilitzem Cookies estrictament necess\u00e0ries:<br\/>Aquestes cookies s\u00f3n necess\u00e0ries per al correcte \u00fas de la p\u00e0gina web,permetent l&#8217;acc\u00e9s a seccions que compten amb filtres de seguretat. Sense aquestes cookies, molts dels serveis disponibles no estarien operatius.<\/p>\n\n<p><strong>Cookies de Navegaci\u00f3:<\/strong><br\/>Aquestes cookies recullen informaci\u00f3 sobre l&#8217;\u00fas que les visites fan de la web, per exemple p\u00e0gines vistes, errors de c\u00e0rrega\u2026 \u00c9s informaci\u00f3 gen\u00e8rica i an\u00f2nima, on no s&#8217;inclouen dades personals, ni es recull informaci\u00f3 que identifiqui als visitants; sent l&#8217;objectiu \u00faltim millorar el funcionament de la web.<\/p>\n\n<p>En visitar la nostra p\u00e0gina web, accepta la instal\u00b7laci\u00f3 d&#8217;aquestes cookies en el seu dispositiu.<\/p>\n\n<p><strong>Cookies Funcionals:<\/strong><br\/>Aquestes cookies permeten recordar informaci\u00f3 (com el seu nom d&#8217;usuari, idioma o la regi\u00f3 en la qual es troba) i caracter\u00edstiques m\u00e9s personals. Per exemple, la possibilitat d&#8217;oferir contingut personalitzat basat en la informaci\u00f3 i criteris que hagis proporcionat volunt\u00e0riament. Aquestes cookies tamb\u00e9 poden utilitzar-se per a recordar els canvis realitzats en la grand\u00e0ria del text, fonts i altres parts personalitzables de la p\u00e0gina web. Tamb\u00e9 s&#8217;utilitzen per a oferir alguns serveis sol\u00b7licitats, com veure un v\u00eddeo o comentar en un blog. La informaci\u00f3 que recopilen aquestes cookies pot ser an\u00f2nima i no podr\u00e0 ser seguida la seva activitat en altres p\u00e0gines web.<br\/>En visitar la nostra p\u00e0gina web, acceptes la instal\u00b7laci\u00f3 d&#8217;aquestes cookies en el teu dispositiu.<\/p>\n\n<p><strong>Com administrar les cookies en els ordinadors.<\/strong><br\/>Si vols permetre l&#8217;\u00fas de cookies del nostre site, si us plau segueix les seg\u00fcents instruccions.<\/p>\n\n<p><strong>\u2013 Google Chrome<\/strong><\/p>\n\n<p>1. En obrir el navegador, punxa \u201ceines\u201d en la part superior i selecciona la pestanya de \u201copcions\u201d.<br\/>2. Dins d&#8217;opcions, punxa \u201cprivacitat\u201d.<br\/>3. Marca \u201cpermetre l&#8217;administraci\u00f3 de cookies\u201d.<\/p>\n\n<p><strong>\u2013 Microsoft Internet Explorer 6.0, 7.0, 8.0, 9.0<\/strong><\/p>\n\n<p>1. En obrir el navegador, punxa \u201ceines\u201d en la part superior i selecciona la pestanya de<br\/>\u201copcions\u201d.<br\/>2. Revisa la pestanya de \u201cPrivacitat\u201d assegurant-te est\u00e0 configurada amb un nivell de seguretat<br\/>mitj\u00e0 o inferior.<br\/>3. Si la configuraci\u00f3 d&#8217;Internet no \u00e9s mitjana s&#8217;estaran bloquejant les cookies.<\/p>\n\n<p><strong>\u2013 Mozilla Firefox<\/strong><br\/>1. En obrir el navegador, punxa \u201ceines\u201d en la part superior i selecciona la pestanya de<br\/>\u201copcions\u201d.<br\/>2. Selecciona la icona de Privacitat<br\/>3. Punxa en cookies, i marca: \u201cpermetre la instal\u00b7laci\u00f3 de cookies\u201d.<\/p>\n\n<p><strong>\u2013 Safari<\/strong><br\/>1. En obrir el navegador, punxa \u201ceines\u201d en la part superior i selecciona la pestanya de<br\/>\u201copcions\u201d.<br\/>2. Punxa en la pestanya de \u201cSeguretat\u201d i revisa si l&#8217;opci\u00f3 \u201cBloquejar l&#8217;acc\u00e9s de cookies de<br\/>tercers\u201d est\u00e0 marcada o no.<br\/>3. Punxa a \u201cguardar\u201d.<\/p>\n\n<p>La instal\u00b7laci\u00f3 de cookies en Mac<br\/>Si tens un Mac i vols permetre l&#8217;acc\u00e9s de les nostres cookies en el teu ordinador, si us plau segueix les seg\u00fcents instruccions:<br\/><strong>\u2013 Microsoft Internet Explorer 5.0 en OSX<\/strong><br\/>1. Entra en \u201cExplorer\u201d i selecciona \u201cPrefer\u00e8ncies\u201d en la barra de navegaci\u00f3.<br\/>2. Fes scroll cap avall fins que vegis \u201cCookies\u201d just sota arxius rebuts.<br\/>3. Marca \u201cNo tornar a preguntar\u201d.<\/p>\n\n<p><strong>\u2013 Safari en OSX<\/strong><br\/>1. Entra en Safari i selecciona \u201cPrefer\u00e8ncies\u201d en la barra de navegaci\u00f3.<br\/>2.Punxa en la pestanya de \u201cSeguretat\u201d i marca l&#8217;opci\u00f3 \u201cacceptar cookies\u201d<br\/>3. Selecciona l&#8217;opci\u00f3: \u201cNom\u00e9s des del site actual en qu\u00e8 estic navegant\u201d<\/p>\n\n<p><strong>\u2013 Mozilla y Netscape en OSX<\/strong><br\/>1. Entra en \u201cMozilla\u201d o \u201cNetscape\u201d i en la part superior del teu navegador, marca l&#8217;opci\u00f3 de<br\/>\u201cPrefer\u00e8ncies\u201d<br\/>2. Fes scroll cap avall fins que vegis \u201cCookies\u201d just sota \u201cPrivacitat i Seguretat\u201d.<br\/>3. Marca l&#8217;opci\u00f3 \u201cPermetre l&#8217;acc\u00e9s de cookies nom\u00e9s des del site actual\u201d<\/p>\n\n<p><strong>\u2013 Opera<\/strong><br\/>1. Entra en \u201cOpera\u201d i selecciona \u201cMenu\u201d i \u201cAjustos\u201d en la barra de navegaci\u00f3.<br\/>2. Selecciona \u201cPrefer\u00e8ncies\u201d i punxa en la pestanya de \u201cAvan\u00e7at\u201d.<br\/>3. Marca l&#8217;opci\u00f3 \u201cAcceptar cookies<\/p>\n\n<p><strong>\u2013 Opera<\/strong><br\/>1. Entra en \u201cOpera\u201d i selecciona \u201cMenu\u201d i \u201cAjustos\u201d en la barra de navegaci\u00f3.<br\/>2. Selecciona \u201cPrefer\u00e8ncies\u201d i punxa en la pestanya de \u201cAvan\u00e7at\u201d.<br\/>3. Marca l&#8217;opci\u00f3 \u201cAcceptar cookies<\/p>\n","protected":false},"excerpt":{"rendered":"<p>COOKIES Utilitzem cookies per a facilitar l&#8217;\u00fas de la nostra p\u00e0gina web. Les cookies s\u00f3n petits fitxers d&#8217;informaci\u00f3 que ens permeten comparar i entendre com &#8230; <a title=\"Pol\u00edtica de cookies\" class=\"read-more\" href=\"https:\/\/cdbaget.com\/ca\/politica-de-cookies\/\" aria-label=\"M\u00e9s informaci\u00f3 sobre Pol\u00edtica de cookies\">Read more<\/a><\/p>\n","protected":false},"author":1,"featured_media":0,"parent":0,"menu_order":0,"comment_status":"closed","ping_status":"open","template":"","meta":{"_editorskit_title_hidden":false,"_editorskit_reading_time":0,"_editorskit_is_block_options_detached":false,"_editorskit_block_options_position":"{}","om_disable_all_campaigns":false,"_monsterinsights_skip_tracking":false,"_monsterinsights_sitenote_active":false,"_monsterinsights_sitenote_note":"","_monsterinsights_sitenote_category":0,"_uf_show_specific_survey":0,"_uf_disable_surveys":false,"footnotes":""},"class_list":["post-1851","page","type-page","status-publish"],"aioseo_notices":[],"_links":{"self":[{"href":"https:\/\/cdbaget.com\/ca\/wp-json\/wp\/v2\/pages\/1851","targetHints":{"allow":["GET"]}}],"collection":[{"href":"https:\/\/cdbaget.com\/ca\/wp-json\/wp\/v2\/pages"}],"about":[{"href":"https:\/\/cdbaget.com\/ca\/wp-json\/wp\/v2\/types\/page"}],"author":[{"embeddable":true,"href":"https:\/\/cdbaget.com\/ca\/wp-json\/wp\/v2\/users\/1"}],"replies":[{"embeddable":true,"href":"https:\/\/cdbaget.com\/ca\/wp-json\/wp\/v2\/comments?post=1851"}],"version-history":[{"count":1,"href":"https:\/\/cdbaget.com\/ca\/wp-json\/wp\/v2\/pages\/1851\/revisions"}],"predecessor-version":[{"id":1852,"href":"https:\/\/cdbaget.com\/ca\/wp-json\/wp\/v2\/pages\/1851\/revisions\/1852"}],"wp:attachment":[{"href":"https:\/\/cdbaget.com\/ca\/wp-json\/wp\/v2\/media?parent=1851"}],"curies":[{"name":"wp","href":"https:\/\/api.w.org\/{rel}","templated":true}]}}