{"id":1853,"date":"2023-05-17T16:18:10","date_gmt":"2023-05-17T16:18:10","guid":{"rendered":"https:\/\/cdbaget.com\/politica-de-privacitat\/"},"modified":"2023-07-17T09:55:20","modified_gmt":"2023-07-17T09:55:20","slug":"politica-de-privacitat","status":"publish","type":"page","link":"https:\/\/cdbaget.com\/ca\/politica-de-privacitat\/","title":{"rendered":"Pol\u00edtica de Privacitat"},"content":{"rendered":"\n<p>En compliment del Cap\u00edtol II de la llei 34\/2002, LSSICE, els informem que la present p\u00e0gina web \u00e9s propietat de <strong>MAR\u00cdA GABRIELA CENTENO LORENZO<\/strong>, d&#8217;ara endavant tamb\u00e9 <strong>CENTRE DENTAL BAGET<\/strong>, domiciliada en C\/GORINA 13, local A, 08172, SANT CUGAT DEL VALL\u00c8S, amb NIF 21772802J, tel\u00e8fon de contacte: 936742072, i email: info@cdbaget.com.<\/p>\n\n<p><strong>CENTRE DENTAL BAGET<\/strong>, com a responsable del present Lloc web i de conformitat amb el que disposa la normativa vigent en mat\u00e8ria de protecci\u00f3 de dades personals, el Reglament (UE) 2016\/679 de 27 d&#8217;abril de 2016 (RGPD) relatiu a la protecci\u00f3 de les persones f\u00edsiques quant al tractament de dades personals i a la lliure circulaci\u00f3 d&#8217;aquestes dades, la Llei org\u00e0nica 15\/1999, de 13 de desembre, de Protecci\u00f3 de Dades de Car\u00e0cter Personal (LOPD) i per la Llei 34\/2002, d&#8217;11 de juliol, de Serveis de la Societat de la Informaci\u00f3 i del Comer\u00e7 Electr\u00f2nic (LSSICE), t\u00e9 implementades totes les mesures de seguretat, d&#8217;\u00edndole t\u00e8cnica i organitzatives, establertes en el Reial decret 1720\/2007 de 21 de Desembre, (que desenvolupa la LOPD) per a garantir i protegir la confidencialitat, integritat i disponibilitat de les dades introdu\u00efdes.<\/p>\n\n<p>A l&#8217;efecte del que preveu la LOPD, <strong>CENTRE DENTAL BAGET<\/strong> l&#8217;informa que les dades que volunt\u00e0riament ens est\u00e0 facilitant seran incorporades als nostres sistemes d&#8217;informaci\u00f3 amb la finalitat de realitzar les gestions comercials i administratives necess\u00e0ries amb els usuaris de la web; Les operacions previstes per a realitzar els tractaments s\u00f3n els seg\u00fcents: respondre a les consultes i\/o proporcionar informacions requerides per l&#8217;Usuari; realitzar les prestacions de serveis contractats o subscrits per l&#8217;Usuari; realitzar totes aquelles activitats pr\u00f2pies de <strong>CENTRE DENTAL BAGET<\/strong> pel present av\u00eds legal ressenyades en la p\u00e0gina web.<\/p>\n\n<p>El signant garanteix la veracitat de les dades aportades i es compromet a comunicar qualsevol canvi que es produeixi en aquests.<\/p>\n\n<p>El <strong>CENTRE DENTAL BAGET<\/strong>, mitjan\u00e7ant asterisc () en les caselles corresponents del formulari de contacte, l&#8217;informa d&#8217;aquesta obligatorietat a l&#8217;Usuari, indicant quines dades s\u00f3n necessaris. Mitjan\u00e7ant la indicaci\u00f3 i introducci\u00f3 de les dades, l&#8217;Usuari atorga el consentiment inequ\u00edvoc a <strong>CENTRE DENTAL BAGET<\/strong> perqu\u00e8 procedeixi al tractament de les dades facilitades en pro de les finalitats esmentades.<\/p>\n\n<p>El no facilitar les dades personals sol\u00b7licitades o el no acceptar la present pol\u00edtica de protecci\u00f3 de dades suposa la impossibilitat de prestar els serveis, propis de la cl\u00ednica.<\/p>\n\n<p>De conformitat amb el que disposen les normatives vigents en protecci\u00f3 de dades personals, el Prestador est\u00e0 complint amb totes les disposicions de les normatives RGPD i LOPD per al tractament de les dades personals de la seva responsabilitat, i manifestament amb els principis descrits a l&#8217;art. 5 del RGPD i a l&#8217;art. 4 de la LOPD, pels quals s\u00f3n tractats de manera l\u00edcita, lleial i transparent en relaci\u00f3 amb l&#8217;interessat i adequades, pertinents i limitats al qual \u00e9s necessari en relaci\u00f3 amb els fins per als quals s\u00f3n tractats.<\/p>\n\n<p>El RESPONSABLE garanteix que ha implementat pol\u00edtiques t\u00e8cniques i organitzatives apropiades per a aplicar les mesures de seguretat que estableixen el RGPD i la LOPD per a protegir els drets i llibertats dels Usuaris.<\/p>\n\n<p>D&#8217;acord amb aquestes normatives, doncs, l&#8217;informem que t\u00e9 dret a sol\u00b7licitar l&#8217;acc\u00e9s, rectificaci\u00f3, portabilitat i supressi\u00f3 de les seves dades i la limitaci\u00f3 i oposici\u00f3 al seu tractament dirigint-se a C\/GORINA 13, LOCAL A 08172, SANT CUGAT DEL VALL\u00c8S, enviant un correu electr\u00f2nic a info@cdbaget.com, indicant com a Assumpte: \u201cLOPD, Drets ARC\u201d, i adjuntant fotoc\u00f2pia del seu DNI o qualsevol mitj\u00e0 an\u00e0leg en dret, tal com indica la llei. T\u00e9 dret a retirar el consentiment prestat en qualsevol moment. La retirada del consentiment no afectar\u00e0 la licitud del tractament efectuat abans de la retirada del consentiment. Tamb\u00e9 t\u00e9 dret a presentar una reclamaci\u00f3 davant l&#8217;autoritat de control si considera que poden haver-se vist vulnerats els seus drets en relaci\u00f3 a la protecci\u00f3 de les seves dades (agpd.es).<\/p>\n\n<p><strong>CONFIDENCIALITAT I CESSI\u00d3 DE DADES A TERCERS<\/strong><\/p>\n\n<p>Les dades que ens faciliti es tractaran de manera confidencial. El Prestador ha adoptat totes les mesures t\u00e8cniques i organitzatives i tots els nivells de protecci\u00f3 necessaris per a garantir la seguretat en el tractament de les dades i evitar la seva alteraci\u00f3, p\u00e8rdua, robatori, tractament o acc\u00e9s no autoritzat, d&#8217;acord l&#8217;estat de la tecnologia i naturalesa de les dades emmagatzemades. Aix\u00ed mateix, es garanteix tamb\u00e9 que el tractament i registre en fitxers, programes, sistemes o equips, locals i centres compleixen amb els requisits i condicions d&#8217;integritat i seguretat establertes en la normativa vigent.<\/p>\n\n<p><strong>CENTRE DENTAL BAGET<\/strong> no cedir\u00e0 les dades personals a tercers, excepte per obligaci\u00f3 legal. No obstant aix\u00f2, en el cas de ser cedits a algun tercer es produiria una informaci\u00f3 pr\u00e8via sol\u00b7licitant el consentiment expr\u00e9s per a tal cessi\u00f3. L&#8217;entitat responsable de la base de dades, aix\u00ed com els que intervinguin en qualsevol fase del tractament i\/o les entitats als qui els hi hagi comunicat -en tot cas sempre amb la corresponent autoritzaci\u00f3 atorgada per l&#8217;usuari-, estan obligades a observar el secret professional i a l&#8217;adopci\u00f3 dels nivells de protecci\u00f3 i les mesures t\u00e8cniques i organitzatives necess\u00e0ries al seu abast per a garantir la seguretat de les dades de car\u00e0cter personal, evitant, en la mesura del possible, accessos no autoritzats,modificacions il\u00b7l\u00edcites, *substracciones i\/o la p\u00e8rdua de les dades, a fi de procurar el corresponent nivell de seguretat dels fitxers del Prestador, segons la naturalesa i sensibilitat de les dades facilitades pels usuaris del present Lloc web.<\/p>\n\n<p><strong>ACCEPTACI\u00d3 I CONSENTIMENT<\/strong><\/p>\n\n<p>L&#8217;Usuari declara haver estat informat de les condicions sobre protecci\u00f3 de dades de car\u00e0cter personal, acceptant i consentint el tractament automatitzat dels mateixos per part de <strong>CENTRE DENTAL BAGET<\/strong> en la forma i per a les finalitats indicades en la present Pol\u00edtica de Protecci\u00f3 de Dades Personals.<\/p>\n\n<p>A trav\u00e9s d&#8217;aquesta Pol\u00edtica de Privacitat l&#8217;informem que les fotografies que estiguin penjades en la web s\u00f3n propietat de<strong>CENTRE DENTAL BAGET.<\/strong><\/p>\n\n<p><strong>EXACTITUD I VERACITAT DE LES DADES.<\/strong><\/p>\n\n<p>L&#8217;usuari \u00e9s l&#8217;\u00fanic responsable de la veracitat i correcci\u00f3 de les dades que remeti a <strong>CENTRE DENTAL BAGET<\/strong>, exonerant al Prestador de qualsevol responsabilitat al respecte. Els usuaris garanteixen i responen, en qualsevol cas, de l&#8217;exactitud, vig\u00e8ncia i autenticitat de les dades personals facilitades, i es comprometen a mantenir-los degudament actualitzats. L&#8217;usuari accepta proporcionar informaci\u00f3 completa i correcta en el formulari de registre o subscripci\u00f3.<\/p>\n\n<p><strong>CONTINGUT DE LA WEB I ENLLA\u00c7OS (LINKS)<\/strong><\/p>\n\n<p><strong>CENTRE DENTAL BAGET<\/strong> es reserva el dret a actualitzar, modificar o eliminar la informaci\u00f3 continguda en la web, podent, fins i tot, limitar o no permetre l&#8217;acc\u00e9s a la informaci\u00f3.<\/p>\n\n<p><strong>CENTRE DENTAL BAGET<\/strong> no assumeix cap mena de responsabilitat per la informaci\u00f3 continguda en les Webs de tercers a les quals es pugui accedir pels \u201clinks\u201d o enlla\u00e7os des de qualsevol p\u00e0gina Web propietat del Prestador.<\/p>\n\n<p>La pres\u00e8ncia de \u201clinks\u201d o enlla\u00e7os nom\u00e9s tenen finalitat informativa i en cap cas suposa cap suggeriment, invitaci\u00f3 o reconeixement sobre aquests.<\/p>\n\n<p><strong>CANVIS EN LA PRESENT POL\u00cdTICA DE PRIVACITAT<\/strong><\/p>\n\n<p><strong>CENTRE DENTAL BAGET<\/strong> es reserva el dret a modificar la present pol\u00edtica per a adaptar-la a novetats legislatives o jurisprudencials.<\/p>\n\n<p><strong>CORREUS COMERCIALS<\/strong><\/p>\n\n<p>D&#8217;acord amb la LSSICE, <strong>CENTRE DENTAL BAGET<\/strong> no realitza pr\u00e0ctiques de SPAM, per tant, no envia correus comercials per e-mail que no hagin estat pr\u00e8viament sol\u00b7licitats o autoritzats per l&#8217;Usuari.<\/p>\n\n<p><strong>LEGISLACI\u00d3<\/strong><\/p>\n\n<p>Amb car\u00e0cter general les relacions entre <strong>CENTRE DENTAL BAGET<\/strong> amb els Usuaris dels seus serveis telem\u00e0tics, presents en aquesta Web, estan sotmesos a la legislaci\u00f3 i jurisdicci\u00f3 espanyola a la qual se sotmeten expressament les parts, sent competents per la resoluci\u00f3 de tots els conflictes derivats o relacionats amb el seu \u00fas els Jutjats i Tribunals de Barcelona.<\/p>\n\n<p><\/p>\n","protected":false},"excerpt":{"rendered":"<p>En compliment del Cap\u00edtol II de la llei 34\/2002, LSSICE, els informem que la present p\u00e0gina web \u00e9s propietat de MAR\u00cdA GABRIELA CENTENO LORENZO, d&#8217;ara &#8230; <a title=\"Pol\u00edtica de Privacitat\" class=\"read-more\" href=\"https:\/\/cdbaget.com\/ca\/politica-de-privacitat\/\" aria-label=\"M\u00e9s informaci\u00f3 sobre Pol\u00edtica de Privacitat\">Read more<\/a><\/p>\n","protected":false},"author":1,"featured_media":0,"parent":0,"menu_order":0,"comment_status":"closed","ping_status":"open","template":"","meta":{"_editorskit_title_hidden":false,"_editorskit_reading_time":0,"_editorskit_is_block_options_detached":false,"_editorskit_block_options_position":"{}","om_disable_all_campaigns":false,"_monsterinsights_skip_tracking":false,"_monsterinsights_sitenote_active":false,"_monsterinsights_sitenote_note":"","_monsterinsights_sitenote_category":0,"_uf_show_specific_survey":0,"_uf_disable_surveys":false,"footnotes":""},"class_list":["post-1853","page","type-page","status-publish"],"aioseo_notices":[],"_links":{"self":[{"href":"https:\/\/cdbaget.com\/ca\/wp-json\/wp\/v2\/pages\/1853","targetHints":{"allow":["GET"]}}],"collection":[{"href":"https:\/\/cdbaget.com\/ca\/wp-json\/wp\/v2\/pages"}],"about":[{"href":"https:\/\/cdbaget.com\/ca\/wp-json\/wp\/v2\/types\/page"}],"author":[{"embeddable":true,"href":"https:\/\/cdbaget.com\/ca\/wp-json\/wp\/v2\/users\/1"}],"replies":[{"embeddable":true,"href":"https:\/\/cdbaget.com\/ca\/wp-json\/wp\/v2\/comments?post=1853"}],"version-history":[{"count":3,"href":"https:\/\/cdbaget.com\/ca\/wp-json\/wp\/v2\/pages\/1853\/revisions"}],"predecessor-version":[{"id":1856,"href":"https:\/\/cdbaget.com\/ca\/wp-json\/wp\/v2\/pages\/1853\/revisions\/1856"}],"wp:attachment":[{"href":"https:\/\/cdbaget.com\/ca\/wp-json\/wp\/v2\/media?parent=1853"}],"curies":[{"name":"wp","href":"https:\/\/api.w.org\/{rel}","templated":true}]}}