{"id":1857,"date":"2023-07-14T08:55:35","date_gmt":"2023-07-14T08:55:35","guid":{"rendered":"https:\/\/cdbaget.com\/radiologia\/"},"modified":"2023-07-17T10:05:08","modified_gmt":"2023-07-17T10:05:08","slug":"radiologia","status":"publish","type":"page","link":"https:\/\/cdbaget.com\/ca\/radiologia\/","title":{"rendered":"Radiologia"},"content":{"rendered":"\n<div class=\"wp-block-columns is-layout-flex wp-container-core-columns-is-layout-9d6595d7 wp-block-columns-is-layout-flex\">\n<div class=\"wp-block-column is-layout-flow wp-block-column-is-layout-flow\">\n<figure class=\"wp-block-image size-large\"><img fetchpriority=\"high\" decoding=\"async\" width=\"1024\" height=\"956\" src=\"https:\/\/cdbaget.com\/wp-content\/uploads\/2023\/07\/opg-2-1024x956.jpg\" alt=\"\" class=\"wp-image-1688\" srcset=\"https:\/\/cdbaget.com\/wp-content\/uploads\/2023\/07\/opg-2-1024x956.jpg 1024w, https:\/\/cdbaget.com\/wp-content\/uploads\/2023\/07\/opg-2-300x280.jpg 300w, https:\/\/cdbaget.com\/wp-content\/uploads\/2023\/07\/opg-2-768x717.jpg 768w, https:\/\/cdbaget.com\/wp-content\/uploads\/2023\/07\/opg-2.jpg 1273w\" sizes=\"(max-width: 1024px) 100vw, 1024px\" \/><\/figure>\n<\/div>\n\n\n\n<div class=\"wp-block-column is-vertically-aligned-center has-contrast-color has-text-color is-layout-flow wp-block-column-is-layout-flow\">\n<p>La radiologia dental \u00e9s indispensable per al correcte diagn\u00f2stic dels diverses patologies orals, no sols a nivell dental sin\u00f3 a nivell ossi i d&#8217;estructuris ve\u00efnes. Comptem amb dues t\u00e8cniques radiol\u00f2giques en la nostra consulta:<\/p>\n\n\n\n<div class=\"wp-block-columns is-layout-flex wp-container-core-columns-is-layout-9d6595d7 wp-block-columns-is-layout-flex\">\n<div class=\"wp-block-column is-layout-flow wp-block-column-is-layout-flow\">\n<p><strong>Radiograf\u00eda periapical<br\/><\/strong> \u00c9s una radiografia intraoral, que ens permet obtenir imatges completes d&#8217;un o dues dents i estudiar-ho \u00edntegrament: \u00e0pex, corona, arrel, teixit ossi i espai periodontal.<\/p>\n<\/div>\n\n\n\n<div class=\"wp-block-column is-layout-flow wp-block-column-is-layout-flow\">\n<p><strong>Ortopantomografia<\/strong><br\/>Coneguda tamb\u00e9 com a radiografia panor\u00e0mica, \u00e9s una t\u00e8cnica radiol\u00f2gica que ens permet observar totes les dents, teixits de suport i estructures anat\u00f2miques adjacents; \u00e9s una arma diagn\u00f2stica rutin\u00e0ria i indispensable en la consulta dental.<\/p>\n<\/div>\n<\/div>\n<\/div>\n<\/div>\n","protected":false},"excerpt":{"rendered":"<p>La radiologia dental \u00e9s indispensable per al correcte diagn\u00f2stic dels diverses patologies orals, no sols a nivell dental sin\u00f3 a nivell ossi i d&#8217;estructuris ve\u00efnes. &#8230; <a title=\"Radiologia\" class=\"read-more\" href=\"https:\/\/cdbaget.com\/ca\/radiologia\/\" aria-label=\"M\u00e9s informaci\u00f3 sobre Radiologia\">Read more<\/a><\/p>\n","protected":false},"author":1,"featured_media":0,"parent":0,"menu_order":0,"comment_status":"closed","ping_status":"closed","template":"","meta":{"_editorskit_title_hidden":false,"_editorskit_reading_time":0,"_editorskit_is_block_options_detached":false,"_editorskit_block_options_position":"{}","om_disable_all_campaigns":false,"_monsterinsights_skip_tracking":false,"_monsterinsights_sitenote_active":false,"_monsterinsights_sitenote_note":"","_monsterinsights_sitenote_category":0,"_uf_show_specific_survey":0,"_uf_disable_surveys":false,"footnotes":""},"class_list":["post-1857","page","type-page","status-publish"],"aioseo_notices":[],"_links":{"self":[{"href":"https:\/\/cdbaget.com\/ca\/wp-json\/wp\/v2\/pages\/1857","targetHints":{"allow":["GET"]}}],"collection":[{"href":"https:\/\/cdbaget.com\/ca\/wp-json\/wp\/v2\/pages"}],"about":[{"href":"https:\/\/cdbaget.com\/ca\/wp-json\/wp\/v2\/types\/page"}],"author":[{"embeddable":true,"href":"https:\/\/cdbaget.com\/ca\/wp-json\/wp\/v2\/users\/1"}],"replies":[{"embeddable":true,"href":"https:\/\/cdbaget.com\/ca\/wp-json\/wp\/v2\/comments?post=1857"}],"version-history":[{"count":3,"href":"https:\/\/cdbaget.com\/ca\/wp-json\/wp\/v2\/pages\/1857\/revisions"}],"predecessor-version":[{"id":1862,"href":"https:\/\/cdbaget.com\/ca\/wp-json\/wp\/v2\/pages\/1857\/revisions\/1862"}],"wp:attachment":[{"href":"https:\/\/cdbaget.com\/ca\/wp-json\/wp\/v2\/media?parent=1857"}],"curies":[{"name":"wp","href":"https:\/\/api.w.org\/{rel}","templated":true}]}}