{"id":1859,"date":"2023-07-14T08:50:28","date_gmt":"2023-07-14T08:50:28","guid":{"rendered":"https:\/\/cdbaget.com\/rehabilitacio-oral\/"},"modified":"2023-07-17T10:01:58","modified_gmt":"2023-07-17T10:01:58","slug":"rehabilitacio-oral","status":"publish","type":"page","link":"https:\/\/cdbaget.com\/ca\/rehabilitacio-oral\/","title":{"rendered":"Rehabilitaci\u00f3 Oral"},"content":{"rendered":"\n<div class=\"wp-block-columns is-layout-flex wp-container-core-columns-is-layout-9d6595d7 wp-block-columns-is-layout-flex\">\n<div class=\"wp-block-column is-layout-flow wp-block-column-is-layout-flow\">\n<figure class=\"wp-block-image size-full is-resized\"><img fetchpriority=\"high\" decoding=\"async\" src=\"https:\/\/cdbaget.com\/wp-content\/uploads\/2023\/06\/longFEATrehabilitacionoral.jpg\" alt=\"\" class=\"wp-image-1475\" width=\"451\" height=\"300\"\/><\/figure>\n<\/div>\n\n\n\n<div class=\"wp-block-column is-vertically-aligned-center has-contrast-color has-text-color is-layout-flow wp-block-column-is-layout-flow\">\n<p class=\"has-text-align-left has-medium-font-size\">La rehabilitaci\u00f3 oral \u00e9s la branca odontol\u00f2gica que s&#8217;encarrega de la restauraci\u00f3, \u00e9s a dir, retorna la funci\u00f3, est\u00e8tica i harmonia oral mitjan\u00e7ant diverses t\u00e8cniques, que van des de la realitzaci\u00f3 d&#8217;una obturaci\u00f3 senzilla fins a la col\u00b7locaci\u00f3 d&#8217;una pr\u00f2tesi completa.<br\/>En aquesta pr\u00e0ctica terap\u00e8utica comptem amb veritables artistes en la rehabilitaci\u00f3 de l&#8217;anatomia de les peces dent\u00e0ries.<\/p>\n<\/div>\n<\/div>\n","protected":false},"excerpt":{"rendered":"<p>La rehabilitaci\u00f3 oral \u00e9s la branca odontol\u00f2gica que s&#8217;encarrega de la restauraci\u00f3, \u00e9s a dir, retorna la funci\u00f3, est\u00e8tica i harmonia oral mitjan\u00e7ant diverses t\u00e8cniques, &#8230; <a title=\"Rehabilitaci\u00f3 Oral\" class=\"read-more\" href=\"https:\/\/cdbaget.com\/ca\/rehabilitacio-oral\/\" aria-label=\"M\u00e9s informaci\u00f3 sobre Rehabilitaci\u00f3 Oral\">Read more<\/a><\/p>\n","protected":false},"author":1,"featured_media":0,"parent":0,"menu_order":0,"comment_status":"closed","ping_status":"closed","template":"","meta":{"_editorskit_title_hidden":false,"_editorskit_reading_time":0,"_editorskit_is_block_options_detached":false,"_editorskit_block_options_position":"{}","om_disable_all_campaigns":false,"_monsterinsights_skip_tracking":false,"_monsterinsights_sitenote_active":false,"_monsterinsights_sitenote_note":"","_monsterinsights_sitenote_category":0,"_uf_show_specific_survey":0,"_uf_disable_surveys":false,"footnotes":""},"class_list":["post-1859","page","type-page","status-publish"],"aioseo_notices":[],"_links":{"self":[{"href":"https:\/\/cdbaget.com\/ca\/wp-json\/wp\/v2\/pages\/1859","targetHints":{"allow":["GET"]}}],"collection":[{"href":"https:\/\/cdbaget.com\/ca\/wp-json\/wp\/v2\/pages"}],"about":[{"href":"https:\/\/cdbaget.com\/ca\/wp-json\/wp\/v2\/types\/page"}],"author":[{"embeddable":true,"href":"https:\/\/cdbaget.com\/ca\/wp-json\/wp\/v2\/users\/1"}],"replies":[{"embeddable":true,"href":"https:\/\/cdbaget.com\/ca\/wp-json\/wp\/v2\/comments?post=1859"}],"version-history":[{"count":1,"href":"https:\/\/cdbaget.com\/ca\/wp-json\/wp\/v2\/pages\/1859\/revisions"}],"predecessor-version":[{"id":1860,"href":"https:\/\/cdbaget.com\/ca\/wp-json\/wp\/v2\/pages\/1859\/revisions\/1860"}],"wp:attachment":[{"href":"https:\/\/cdbaget.com\/ca\/wp-json\/wp\/v2\/media?parent=1859"}],"curies":[{"name":"wp","href":"https:\/\/api.w.org\/{rel}","templated":true}]}}