{"id":1863,"date":"2022-02-13T16:45:19","date_gmt":"2022-02-13T16:45:19","guid":{"rendered":"https:\/\/cdbaget.com\/tractaments\/"},"modified":"2023-08-01T09:29:07","modified_gmt":"2023-08-01T09:29:07","slug":"tractaments","status":"publish","type":"page","link":"https:\/\/cdbaget.com\/ca\/tractaments\/","title":{"rendered":"Tractaments"},"content":{"rendered":"<section class=\"gb-container gb-container-9d59dbcf\">\n\n<h2 class=\"gb-headline gb-headline-1d2c2a88 gb-headline-text\">Tractaments d&#8217;\u00faltima generaci\u00f3<\/h2>\n\n\n\n<p class=\"gb-headline gb-headline-c8ddd1c1 gb-headline-text\">Planifiquem tots els nostres tractaments de manera multidisciplin\u00e0ria. Treballem amb les t\u00e8cniques menys invasives, la tecnologia m\u00e9s modernes i els millors materials.<\/p>\n\n\n<div class=\"gb-grid-wrapper gb-grid-wrapper-8b0f3930\">\n<div class=\"gb-grid-column gb-grid-column-e68618af\"><article class=\"gb-container gb-container-e68618af box-shadow\">\n\n<figure class=\"gb-block-image gb-block-image-b59398af\"><img fetchpriority=\"high\" decoding=\"async\" width=\"496\" height=\"400\" class=\"gb-image gb-image-b59398af\" src=\"https:\/\/cdbaget.com\/wp-content\/uploads\/2023\/07\/Implante-1.jpg\" alt=\"\" title=\"Implante (1)\" srcset=\"https:\/\/cdbaget.com\/wp-content\/uploads\/2023\/07\/Implante-1.jpg 496w, https:\/\/cdbaget.com\/wp-content\/uploads\/2023\/07\/Implante-1-300x242.jpg 300w\" sizes=\"(max-width: 496px) 100vw, 496px\" \/><\/figure>\n\n\n\n<h5 class=\"gb-headline gb-headline-f2ff62c7 gb-headline-text\">Cirurgia I implants<\/h5>\n\n\n<div class=\"gb-container gb-container-f4e4a3a4\"><\/div>\n\n\n<p class=\"gb-headline gb-headline-e7e44848 gb-headline-text\">La cirurgia oral abasta totes aquelles t\u00e8cniques quir\u00fargiques que tracten diverses patologies de la cavitat oral i els seus teixits adjacents.<\/p>\n\n\n\n<a class=\"gb-button gb-button-c5807143 smooth-scroll\" href=\"https:\/\/cdbaget.com\/ca\/cirurgia-i-implants\/\"><span class=\"gb-button-text\">Veure m\u00e9s cirurgia i implants<\/span><span class=\"gb-icon\"><svg xmlns=\"http:\/\/www.w3.org\/2000\/svg\" viewbox=\"0 0 16 16\" class=\"bi bi-arrow-right\" height=\"16\" width=\"16\">   <path d=\"M1 8a.5.5 0 0 1 .5-.5h11.793l-3.147-3.146a.5.5 0 0 1 .708-.708l4 4a.5.5 0 0 1 0 .708l-4 4a.5.5 0 0 1-.708-.708L13.293 8.5H1.5A.5.5 0 0 1 1 8z\"><\/path> <\/svg><\/span><\/a>\n\n<div class=\"gb-shapes\"><div class=\"gb-shape gb-shape-1\"><svg xmlns=\"http:\/\/www.w3.org\/2000\/svg\" viewBox=\"0 0 1200 350\" preserveAspectRatio=\"none\"><path d=\"M1200 336.7V350H0V0s22.4 276.4 1200 336.7z\"\/><\/svg><\/div><\/div><\/article><\/div>\n\n<div class=\"gb-grid-column gb-grid-column-d691f69c\"><article class=\"gb-container gb-container-d691f69c box-shadow\">\n\n<figure class=\"gb-block-image gb-block-image-6251fb86\"><img decoding=\"async\" width=\"300\" height=\"200\" class=\"gb-image gb-image-6251fb86\" src=\"https:\/\/cdbaget.com\/wp-content\/uploads\/2023\/05\/Cirugia-1.jpg\" alt=\"\" title=\"Cirugia-1\"><\/figure>\n\n\n\n<h5 class=\"gb-headline gb-headline-030df52a gb-headline-text\">Rehabilitaci\u00f3 Oral<\/h5>\n\n\n<div class=\"gb-container gb-container-d6e50285\"><\/div>\n\n\n<p class=\"gb-headline gb-headline-ef14f9b6 gb-headline-text\">La rehabilitaci\u00f3 oral \u00e9s la branca odontol\u00f2gica que s&#8217;encarrega de la restauraci\u00f3, \u00e9s a dir, retorna la funci\u00f3, est\u00e8tica i harmonia oral<\/p>\n\n\n\n<a class=\"gb-button gb-button-01e66fc1 smooth-scroll\" href=\"https:\/\/cdbaget.com\/ca\/rehabilitacio-oral\/\"><span class=\"gb-button-text\">Veure m\u00e9s rehabilitaci\u00f3 oral<\/span><span class=\"gb-icon\"><svg xmlns=\"http:\/\/www.w3.org\/2000\/svg\" viewbox=\"0 0 16 16\" class=\"bi bi-arrow-right\" height=\"16\" width=\"16\">   <path d=\"M1 8a.5.5 0 0 1 .5-.5h11.793l-3.147-3.146a.5.5 0 0 1 .708-.708l4 4a.5.5 0 0 1 0 .708l-4 4a.5.5 0 0 1-.708-.708L13.293 8.5H1.5A.5.5 0 0 1 1 8z\"><\/path> <\/svg><\/span><\/a>\n\n<div class=\"gb-shapes\"><div class=\"gb-shape gb-shape-1\"><svg xmlns=\"http:\/\/www.w3.org\/2000\/svg\" viewBox=\"0 0 1200 350\" preserveAspectRatio=\"none\"><path d=\"M1200 336.7V350H0V0s22.4 276.4 1200 336.7z\"\/><\/svg><\/div><\/div><\/article><\/div>\n\n<div class=\"gb-grid-column gb-grid-column-7372e2bb\"><article class=\"gb-container gb-container-7372e2bb box-shadow\">\n\n<figure class=\"gb-block-image gb-block-image-a255ef8d\"><img decoding=\"async\" width=\"1254\" height=\"836\" class=\"gb-image gb-image-a255ef8d\" src=\"https:\/\/cdbaget.com\/wp-content\/uploads\/2023\/07\/root-canal-img.jpg\" alt=\"\" title=\"root-canal-img\" srcset=\"https:\/\/cdbaget.com\/wp-content\/uploads\/2023\/07\/root-canal-img.jpg 1254w, https:\/\/cdbaget.com\/wp-content\/uploads\/2023\/07\/root-canal-img-300x200.jpg 300w, https:\/\/cdbaget.com\/wp-content\/uploads\/2023\/07\/root-canal-img-1024x683.jpg 1024w, https:\/\/cdbaget.com\/wp-content\/uploads\/2023\/07\/root-canal-img-768x512.jpg 768w\" sizes=\"(max-width: 1254px) 100vw, 1254px\" \/><\/figure>\n\n\n\n<h5 class=\"gb-headline gb-headline-2b09bb93 gb-headline-text\">Endod\u00f2ncia<\/h5>\n\n\n<div class=\"gb-container gb-container-0e84d736\"><\/div>\n\n\n<p class=\"gb-headline gb-headline-493886ce gb-headline-text\">\u00c9s la t\u00e8cnica que ens permet mantenir en boca peces dent\u00e0ries amb un grau d&#8217;afecci\u00f3 que sobrepassa l&#8217;esmalt i la dentina.<\/p>\n\n\n\n<a class=\"gb-button gb-button-0b14448e smooth-scroll\" href=\"https:\/\/cdbaget.com\/ca\/endodoncia\/\"><span class=\"gb-button-text\">Veure m\u00e9s endod\u00f2ncia<\/span><span class=\"gb-icon\"><svg xmlns=\"http:\/\/www.w3.org\/2000\/svg\" viewbox=\"0 0 16 16\" class=\"bi bi-arrow-right\" height=\"16\" width=\"16\">   <path d=\"M1 8a.5.5 0 0 1 .5-.5h11.793l-3.147-3.146a.5.5 0 0 1 .708-.708l4 4a.5.5 0 0 1 0 .708l-4 4a.5.5 0 0 1-.708-.708L13.293 8.5H1.5A.5.5 0 0 1 1 8z\"><\/path> <\/svg><\/span><\/a>\n\n<div class=\"gb-shapes\"><div class=\"gb-shape gb-shape-1\"><svg xmlns=\"http:\/\/www.w3.org\/2000\/svg\" viewBox=\"0 0 1200 350\" preserveAspectRatio=\"none\"><path d=\"M1200 336.7V350H0V0s22.4 276.4 1200 336.7z\"\/><\/svg><\/div><\/div><\/article><\/div>\n\n<div class=\"gb-grid-column gb-grid-column-b4d145f5\"><article class=\"gb-container gb-container-b4d145f5 box-shadow\">\n\n<figure class=\"gb-block-image gb-block-image-7f43a8ce\"><img loading=\"lazy\" decoding=\"async\" width=\"2560\" height=\"1707\" class=\"gb-image gb-image-7f43a8ce\" src=\"https:\/\/cdbaget.com\/wp-content\/uploads\/2023\/07\/Odontopediatria.jpeg\" alt=\"\" title=\"Cute little girl sitting on dental chair and having dental treatment.\" srcset=\"https:\/\/cdbaget.com\/wp-content\/uploads\/2023\/07\/Odontopediatria.jpeg 2560w, https:\/\/cdbaget.com\/wp-content\/uploads\/2023\/07\/Odontopediatria-300x200.jpeg 300w, https:\/\/cdbaget.com\/wp-content\/uploads\/2023\/07\/Odontopediatria-1024x683.jpeg 1024w, https:\/\/cdbaget.com\/wp-content\/uploads\/2023\/07\/Odontopediatria-768x512.jpeg 768w, https:\/\/cdbaget.com\/wp-content\/uploads\/2023\/07\/Odontopediatria-1536x1024.jpeg 1536w, https:\/\/cdbaget.com\/wp-content\/uploads\/2023\/07\/Odontopediatria-2048x1366.jpeg 2048w\" sizes=\"(max-width: 2560px) 100vw, 2560px\" \/><\/figure>\n\n\n\n<h5 class=\"gb-headline gb-headline-e190826c gb-headline-text\">Odontopediatria<\/h5>\n\n\n<div class=\"gb-container gb-container-15c2c995\"><\/div>\n\n\n<p class=\"gb-headline gb-headline-9949e32f gb-headline-text\">S&#8217;utilitzen b\u00e0sicament les mateixes t\u00e8cniques que en adults, adaptades a la psicol\u00f2gica infantil i a les situacions de creixement i desenvolupament.<\/p>\n\n\n\n<a class=\"gb-button gb-button-b2cccf97 smooth-scroll\" href=\"https:\/\/cdbaget.com\/ca\/odontopediatria\/\"><span class=\"gb-button-text\">Veure m\u00e9s odontopediatria<\/span><span class=\"gb-icon\"><svg xmlns=\"http:\/\/www.w3.org\/2000\/svg\" viewbox=\"0 0 16 16\" class=\"bi bi-arrow-right\" height=\"16\" width=\"16\">   <path d=\"M1 8a.5.5 0 0 1 .5-.5h11.793l-3.147-3.146a.5.5 0 0 1 .708-.708l4 4a.5.5 0 0 1 0 .708l-4 4a.5.5 0 0 1-.708-.708L13.293 8.5H1.5A.5.5 0 0 1 1 8z\"><\/path> <\/svg><\/span><\/a>\n\n<div class=\"gb-shapes\"><div class=\"gb-shape gb-shape-1\"><svg xmlns=\"http:\/\/www.w3.org\/2000\/svg\" viewBox=\"0 0 1200 350\" preserveAspectRatio=\"none\"><path d=\"M1200 336.7V350H0V0s22.4 276.4 1200 336.7z\"\/><\/svg><\/div><\/div><\/article><\/div>\n\n<div class=\"gb-grid-column gb-grid-column-eb24fabe\"><article class=\"gb-container gb-container-eb24fabe box-shadow\">\n\n<figure class=\"gb-block-image gb-block-image-5c1ebd09\"><img loading=\"lazy\" decoding=\"async\" width=\"744\" height=\"435\" class=\"gb-image gb-image-5c1ebd09\" src=\"https:\/\/cdbaget.com\/wp-content\/uploads\/2023\/07\/Ortodoncia.jpg\" alt=\"\" title=\"Ortod\u00f2ncia\" srcset=\"https:\/\/cdbaget.com\/wp-content\/uploads\/2023\/07\/Ortodoncia.jpg 744w, https:\/\/cdbaget.com\/wp-content\/uploads\/2023\/07\/Ortodoncia-300x175.jpg 300w\" sizes=\"(max-width: 744px) 100vw, 744px\" \/><\/figure>\n\n\n\n<h5 class=\"gb-headline gb-headline-5b726933 gb-headline-text\">Ortod\u00f2ncia<\/h5>\n\n\n<div class=\"gb-container gb-container-6b18d6d4\"><\/div>\n\n\n<p class=\"gb-headline gb-headline-ad2880c5 gb-headline-text\">L&#8217;Ortod\u00f2ncia \u00e9s l&#8217;especialitat que s&#8217;encarrega de l&#8217;estudi, prevenci\u00f3, diagn\u00f2stic i tractament de les anomalies de forma, posici\u00f3 i funci\u00f3 de les estructures dentals i els complexos maxil\u00b7lars.<\/p>\n\n\n\n<a class=\"gb-button gb-button-fb8d8298 smooth-scroll\" href=\"https:\/\/cdbaget.com\/ca\/ortodoncia\/\"><span class=\"gb-button-text\">Veure m\u00e9s ortod\u00f2ncia<\/span><span class=\"gb-icon\"><svg xmlns=\"http:\/\/www.w3.org\/2000\/svg\" viewbox=\"0 0 16 16\" class=\"bi bi-arrow-right\" height=\"16\" width=\"16\">   <path d=\"M1 8a.5.5 0 0 1 .5-.5h11.793l-3.147-3.146a.5.5 0 0 1 .708-.708l4 4a.5.5 0 0 1 0 .708l-4 4a.5.5 0 0 1-.708-.708L13.293 8.5H1.5A.5.5 0 0 1 1 8z\"><\/path> <\/svg><\/span><\/a>\n\n<div class=\"gb-shapes\"><div class=\"gb-shape gb-shape-1\"><svg xmlns=\"http:\/\/www.w3.org\/2000\/svg\" viewBox=\"0 0 1200 350\" preserveAspectRatio=\"none\"><path d=\"M1200 336.7V350H0V0s22.4 276.4 1200 336.7z\"\/><\/svg><\/div><\/div><\/article><\/div>\n\n<div class=\"gb-grid-column gb-grid-column-a98b26a4\"><article class=\"gb-container gb-container-a98b26a4 box-shadow\">\n\n<figure class=\"gb-block-image gb-block-image-d01c930e\"><img loading=\"lazy\" decoding=\"async\" width=\"600\" height=\"400\" class=\"gb-image gb-image-d01c930e\" src=\"https:\/\/cdbaget.com\/wp-content\/uploads\/2023\/07\/Periodoncia-2.webp\" alt=\"\" title=\"Period\u00f2ncia 2\" srcset=\"https:\/\/cdbaget.com\/wp-content\/uploads\/2023\/07\/Periodoncia-2.webp 600w, https:\/\/cdbaget.com\/wp-content\/uploads\/2023\/07\/Periodoncia-2-300x200.webp 300w\" sizes=\"(max-width: 600px) 100vw, 600px\" \/><\/figure>\n\n\n\n<h5 class=\"gb-headline gb-headline-66196a14 gb-headline-text\">Period\u00f2ncia<\/h5>\n\n\n<div class=\"gb-container gb-container-e7abc44e\"><\/div>\n\n\n<p class=\"gb-headline gb-headline-a15a5213 gb-headline-text\">\u00c9s la base de l&#8217;\u00e8xit en l&#8217;odontologia, abasta l&#8217;\u00e0rea que tracta la base (genives i os) de les dents<\/p>\n\n\n\n<a class=\"gb-button gb-button-31316438 smooth-scroll\" href=\"https:\/\/cdbaget.com\/ca\/periodoncia\/\"><span class=\"gb-button-text\">Veure m\u00e9s period\u00f2ncia<\/span><span class=\"gb-icon\"><svg xmlns=\"http:\/\/www.w3.org\/2000\/svg\" viewbox=\"0 0 16 16\" class=\"bi bi-arrow-right\" height=\"16\" width=\"16\">   <path d=\"M1 8a.5.5 0 0 1 .5-.5h11.793l-3.147-3.146a.5.5 0 0 1 .708-.708l4 4a.5.5 0 0 1 0 .708l-4 4a.5.5 0 0 1-.708-.708L13.293 8.5H1.5A.5.5 0 0 1 1 8z\"><\/path> <\/svg><\/span><\/a>\n\n<div class=\"gb-shapes\"><div class=\"gb-shape gb-shape-1\"><svg xmlns=\"http:\/\/www.w3.org\/2000\/svg\" viewBox=\"0 0 1200 350\" preserveAspectRatio=\"none\"><path d=\"M1200 336.7V350H0V0s22.4 276.4 1200 336.7z\"\/><\/svg><\/div><\/div><\/article><\/div>\n\n<div class=\"gb-grid-column gb-grid-column-173116ba\"><article class=\"gb-container gb-container-173116ba box-shadow\">\n\n<figure class=\"gb-block-image gb-block-image-9d7166d2\"><img loading=\"lazy\" decoding=\"async\" width=\"1273\" height=\"1188\" class=\"gb-image gb-image-9d7166d2\" src=\"https:\/\/cdbaget.com\/wp-content\/uploads\/2023\/07\/opg-2.jpg\" alt=\"\" title=\"opg 2\" srcset=\"https:\/\/cdbaget.com\/wp-content\/uploads\/2023\/07\/opg-2.jpg 1273w, https:\/\/cdbaget.com\/wp-content\/uploads\/2023\/07\/opg-2-300x280.jpg 300w, https:\/\/cdbaget.com\/wp-content\/uploads\/2023\/07\/opg-2-1024x956.jpg 1024w, https:\/\/cdbaget.com\/wp-content\/uploads\/2023\/07\/opg-2-768x717.jpg 768w\" sizes=\"(max-width: 1273px) 100vw, 1273px\" \/><\/figure>\n\n\n\n<h5 class=\"gb-headline gb-headline-d5835eeb gb-headline-text\">Radiologia<\/h5>\n\n\n<div class=\"gb-container gb-container-a762dd2e\"><\/div>\n\n\n<p class=\"gb-headline gb-headline-53c388d6 gb-headline-text\">La radiologia dental \u00e9s indispensable per al correcte diagn\u00f2stic de les diverses patologies orals.<\/p>\n\n\n\n<a class=\"gb-button gb-button-035be160 smooth-scroll\" href=\"https:\/\/cdbaget.com\/ca\/radiologia\/\"><span class=\"gb-button-text\">Veure m\u00e9s radiologia<\/span><span class=\"gb-icon\"><svg xmlns=\"http:\/\/www.w3.org\/2000\/svg\" viewbox=\"0 0 16 16\" class=\"bi bi-arrow-right\" height=\"16\" width=\"16\">   <path d=\"M1 8a.5.5 0 0 1 .5-.5h11.793l-3.147-3.146a.5.5 0 0 1 .708-.708l4 4a.5.5 0 0 1 0 .708l-4 4a.5.5 0 0 1-.708-.708L13.293 8.5H1.5A.5.5 0 0 1 1 8z\"><\/path> <\/svg><\/span><\/a>\n\n<div class=\"gb-shapes\"><div class=\"gb-shape gb-shape-1\"><svg xmlns=\"http:\/\/www.w3.org\/2000\/svg\" viewBox=\"0 0 1200 350\" preserveAspectRatio=\"none\"><path d=\"M1200 336.7V350H0V0s22.4 276.4 1200 336.7z\"\/><\/svg><\/div><\/div><\/article><\/div>\n\n<div class=\"gb-grid-column gb-grid-column-631f57b6\"><article class=\"gb-container gb-container-631f57b6 box-shadow\">\n\n<figure class=\"gb-block-image gb-block-image-7aa2aa0e\"><img loading=\"lazy\" decoding=\"async\" width=\"1920\" height=\"1080\" class=\"gb-image gb-image-7aa2aa0e\" src=\"https:\/\/cdbaget.com\/wp-content\/uploads\/2023\/07\/Escaner.png\" alt=\"\" title=\"Esc\u00e0ner\" srcset=\"https:\/\/cdbaget.com\/wp-content\/uploads\/2023\/07\/Escaner.png 1920w, https:\/\/cdbaget.com\/wp-content\/uploads\/2023\/07\/Escaner-300x169.png 300w, https:\/\/cdbaget.com\/wp-content\/uploads\/2023\/07\/Escaner-1024x576.png 1024w, https:\/\/cdbaget.com\/wp-content\/uploads\/2023\/07\/Escaner-768x432.png 768w, https:\/\/cdbaget.com\/wp-content\/uploads\/2023\/07\/Escaner-1536x864.png 1536w\" sizes=\"(max-width: 1920px) 100vw, 1920px\" \/><\/figure>\n\n\n\n<h5 class=\"gb-headline gb-headline-8c4c43c8 gb-headline-text\">Esc\u00e0ner 3D<\/h5>\n\n\n<div class=\"gb-container gb-container-ade4a92c\"><\/div>\n\n\n<p class=\"gb-headline gb-headline-79630171 gb-headline-text\">El escaner 3D \u00e9s una eina amb l&#8217;\u00faltima tecnologia, que ens permet capturar en temps real la boca del pacient, amb una precisi\u00f3 del 100%.<\/p>\n\n\n\n<a class=\"gb-button gb-button-5302c656 smooth-scroll\" href=\"https:\/\/cdbaget.com\/ca\/escaner-3d\/\"><span class=\"gb-button-text\">Veure m\u00e9s esc\u00e0ner 3D<\/span><span class=\"gb-icon\"><svg xmlns=\"http:\/\/www.w3.org\/2000\/svg\" viewbox=\"0 0 16 16\" class=\"bi bi-arrow-right\" height=\"16\" width=\"16\">   <path d=\"M1 8a.5.5 0 0 1 .5-.5h11.793l-3.147-3.146a.5.5 0 0 1 .708-.708l4 4a.5.5 0 0 1 0 .708l-4 4a.5.5 0 0 1-.708-.708L13.293 8.5H1.5A.5.5 0 0 1 1 8z\"><\/path> <\/svg><\/span><\/a>\n\n<div class=\"gb-shapes\"><div class=\"gb-shape gb-shape-1\"><svg xmlns=\"http:\/\/www.w3.org\/2000\/svg\" viewBox=\"0 0 1200 350\" preserveAspectRatio=\"none\"><path d=\"M1200 336.7V350H0V0s22.4 276.4 1200 336.7z\"\/><\/svg><\/div><\/div><\/article><\/div>\n<\/div>\n<\/section><section class=\"gb-container gb-container-898bcd07\">\n<div class=\"gb-container gb-container-f8060f11\">\n\n<h2 class=\"gb-headline gb-headline-3d179ae1 gb-headline-text\"><strong>Tecnologia innovadora<\/strong><\/h2>\n\n\n\n<p>Comptem amb<strong> la tecnologia m\u00e9s innovadora per a garantir els millors resultats <\/strong>. El nostre equip de professionals posseeix amplis i actualitzats coneixements.<\/p>\n\n\n<div class=\"gb-container gb-container-18108f0e\">\n<div class=\"gb-container gb-container-ffa30248\">\n\n<h3 class=\"gb-headline gb-headline-6f9d1283\"><span class=\"gb-icon\"><svg xmlns=\"http:\/\/www.w3.org\/2000\/svg\" viewbox=\"0 0 16 16\" class=\"bi bi-check2-square\" height=\"16\" width=\"16\">   <path d=\"M3 14.5A1.5 1.5 0 0 1 1.5 13V3A1.5 1.5 0 0 1 3 1.5h8a.5.5 0 0 1 0 1H3a.5.5 0 0 0-.5.5v10a.5.5 0 0 0 .5.5h10a.5.5 0 0 0 .5-.5V8a.5.5 0 0 1 1 0v5a1.5 1.5 0 0 1-1.5 1.5H3z\"><\/path>   <path d=\"m8.354 10.354 7-7a.5.5 0 0 0-.708-.708L8 9.293 5.354 6.646a.5.5 0 1 0-.708.708l3 3a.5.5 0 0 0 .708 0z\"><\/path> <\/svg><\/span><span class=\"gb-headline-text\">12 anys d&#8217;experi\u00e8ncia<\/span><\/h3>\n\n\n\n<h3 class=\"gb-headline gb-headline-af587b21\"><span class=\"gb-icon\"><svg xmlns=\"http:\/\/www.w3.org\/2000\/svg\" viewbox=\"0 0 16 16\" class=\"bi bi-check2-square\" height=\"16\" width=\"16\">   <path d=\"M3 14.5A1.5 1.5 0 0 1 1.5 13V3A1.5 1.5 0 0 1 3 1.5h8a.5.5 0 0 1 0 1H3a.5.5 0 0 0-.5.5v10a.5.5 0 0 0 .5.5h10a.5.5 0 0 0 .5-.5V8a.5.5 0 0 1 1 0v5a1.5 1.5 0 0 1-1.5 1.5H3z\"><\/path>   <path d=\"m8.354 10.354 7-7a.5.5 0 0 0-.708-.708L8 9.293 5.354 6.646a.5.5 0 1 0-.708.708l3 3a.5.5 0 0 0 .708 0z\"><\/path> <\/svg><\/span><span class=\"gb-headline-text\">Agendes flexibles<\/span><\/h3>\n\n\n\n<h3 class=\"gb-headline gb-headline-61b05646\"><span class=\"gb-icon\"><svg xmlns=\"http:\/\/www.w3.org\/2000\/svg\" viewbox=\"0 0 16 16\" class=\"bi bi-check2-square\" height=\"16\" width=\"16\">   <path d=\"M3 14.5A1.5 1.5 0 0 1 1.5 13V3A1.5 1.5 0 0 1 3 1.5h8a.5.5 0 0 1 0 1H3a.5.5 0 0 0-.5.5v10a.5.5 0 0 0 .5.5h10a.5.5 0 0 0 .5-.5V8a.5.5 0 0 1 1 0v5a1.5 1.5 0 0 1-1.5 1.5H3z\"><\/path>   <path d=\"m8.354 10.354 7-7a.5.5 0 0 0-.708-.708L8 9.293 5.354 6.646a.5.5 0 1 0-.708.708l3 3a.5.5 0 0 0 .708 0z\"><\/path> <\/svg><\/span><span class=\"gb-headline-text\">Professionals qualificats<\/span><\/h3>\n\n<\/div>\n\n<div class=\"gb-container gb-container-6d74c1c3\">\n\n<h3 class=\"gb-headline gb-headline-79e9580a\"><span class=\"gb-icon\"><svg xmlns=\"http:\/\/www.w3.org\/2000\/svg\" viewbox=\"0 0 16 16\" class=\"bi bi-check2-square\" height=\"16\" width=\"16\">   <path d=\"M3 14.5A1.5 1.5 0 0 1 1.5 13V3A1.5 1.5 0 0 1 3 1.5h8a.5.5 0 0 1 0 1H3a.5.5 0 0 0-.5.5v10a.5.5 0 0 0 .5.5h10a.5.5 0 0 0 .5-.5V8a.5.5 0 0 1 1 0v5a1.5 1.5 0 0 1-1.5 1.5H3z\"><\/path>   <path d=\"m8.354 10.354 7-7a.5.5 0 0 0-.708-.708L8 9.293 5.354 6.646a.5.5 0 1 0-.708.708l3 3a.5.5 0 0 0 .708 0z\"><\/path> <\/svg><\/span><span class=\"gb-headline-text\">Atenci\u00f3 personalitzada<\/span><\/h3>\n\n\n\n<h3 class=\"gb-headline gb-headline-f96f624b\"><span class=\"gb-icon\"><svg xmlns=\"http:\/\/www.w3.org\/2000\/svg\" viewbox=\"0 0 16 16\" class=\"bi bi-check2-square\" height=\"16\" width=\"16\">   <path d=\"M3 14.5A1.5 1.5 0 0 1 1.5 13V3A1.5 1.5 0 0 1 3 1.5h8a.5.5 0 0 1 0 1H3a.5.5 0 0 0-.5.5v10a.5.5 0 0 0 .5.5h10a.5.5 0 0 0 .5-.5V8a.5.5 0 0 1 1 0v5a1.5 1.5 0 0 1-1.5 1.5H3z\"><\/path>   <path d=\"m8.354 10.354 7-7a.5.5 0 0 0-.708-.708L8 9.293 5.354 6.646a.5.5 0 1 0-.708.708l3 3a.5.5 0 0 0 .708 0z\"><\/path> <\/svg><\/span><span class=\"gb-headline-text\">\u00daltima tecnologia<\/span><\/h3>\n\n\n\n<h3 class=\"gb-headline gb-headline-8db9ffa0\"><span class=\"gb-icon\"><svg xmlns=\"http:\/\/www.w3.org\/2000\/svg\" viewbox=\"0 0 16 16\" class=\"bi bi-check2-square\" height=\"16\" width=\"16\">   <path d=\"M3 14.5A1.5 1.5 0 0 1 1.5 13V3A1.5 1.5 0 0 1 3 1.5h8a.5.5 0 0 1 0 1H3a.5.5 0 0 0-.5.5v10a.5.5 0 0 0 .5.5h10a.5.5 0 0 0 .5-.5V8a.5.5 0 0 1 1 0v5a1.5 1.5 0 0 1-1.5 1.5H3z\"><\/path>   <path d=\"m8.354 10.354 7-7a.5.5 0 0 0-.708-.708L8 9.293 5.354 6.646a.5.5 0 1 0-.708.708l3 3a.5.5 0 0 0 .708 0z\"><\/path> <\/svg><\/span><span class=\"gb-headline-text\">Resultats \u00f2ptims<\/span><\/h3>\n\n<\/div>\n<\/div>\n<\/div>\n\n<div class=\"gb-container gb-container-2af36eea\">\n\n<figure class=\"wp-block-image size-full\"><img loading=\"lazy\" decoding=\"async\" width=\"600\" height=\"400\" src=\"https:\/\/cdbaget.com\/wp-content\/uploads\/2023\/06\/clinica4.jpg\" alt=\"\" class=\"wp-image-1560\" srcset=\"https:\/\/cdbaget.com\/wp-content\/uploads\/2023\/06\/clinica4.jpg 600w, https:\/\/cdbaget.com\/wp-content\/uploads\/2023\/06\/clinica4-300x200.jpg 300w\" sizes=\"(max-width: 600px) 100vw, 600px\" \/><\/figure>\n\n<\/div>\n<\/section>","protected":false},"excerpt":{"rendered":"<p>Tractaments d&#8217;\u00faltima generaci\u00f3 Planifiquem tots els nostres tractaments de manera multidisciplin\u00e0ria. Treballem amb les t\u00e8cniques menys invasives, la tecnologia m\u00e9s modernes i els millors materials. &#8230; <a title=\"Tractaments\" class=\"read-more\" href=\"https:\/\/cdbaget.com\/ca\/tractaments\/\" aria-label=\"M\u00e9s informaci\u00f3 sobre Tractaments\">Read more<\/a><\/p>\n","protected":false},"author":1,"featured_media":0,"parent":0,"menu_order":0,"comment_status":"closed","ping_status":"closed","template":"","meta":{"_editorskit_title_hidden":false,"_editorskit_reading_time":0,"_editorskit_is_block_options_detached":false,"_editorskit_block_options_position":"{}","om_disable_all_campaigns":false,"_monsterinsights_skip_tracking":false,"_monsterinsights_sitenote_active":false,"_monsterinsights_sitenote_note":"","_monsterinsights_sitenote_category":0,"_uf_show_specific_survey":0,"_uf_disable_surveys":false,"footnotes":""},"class_list":["post-1863","page","type-page","status-publish"],"aioseo_notices":[],"_links":{"self":[{"href":"https:\/\/cdbaget.com\/ca\/wp-json\/wp\/v2\/pages\/1863","targetHints":{"allow":["GET"]}}],"collection":[{"href":"https:\/\/cdbaget.com\/ca\/wp-json\/wp\/v2\/pages"}],"about":[{"href":"https:\/\/cdbaget.com\/ca\/wp-json\/wp\/v2\/types\/page"}],"author":[{"embeddable":true,"href":"https:\/\/cdbaget.com\/ca\/wp-json\/wp\/v2\/users\/1"}],"replies":[{"embeddable":true,"href":"https:\/\/cdbaget.com\/ca\/wp-json\/wp\/v2\/comments?post=1863"}],"version-history":[{"count":7,"href":"https:\/\/cdbaget.com\/ca\/wp-json\/wp\/v2\/pages\/1863\/revisions"}],"predecessor-version":[{"id":2000,"href":"https:\/\/cdbaget.com\/ca\/wp-json\/wp\/v2\/pages\/1863\/revisions\/2000"}],"wp:attachment":[{"href":"https:\/\/cdbaget.com\/ca\/wp-json\/wp\/v2\/media?parent=1863"}],"curies":[{"name":"wp","href":"https:\/\/api.w.org\/{rel}","templated":true}]}}