{"id":2021,"date":"2023-07-21T09:44:55","date_gmt":"2023-07-21T09:44:55","guid":{"rendered":"https:\/\/cdbaget.com\/declaracio-daccessibilitat\/"},"modified":"2023-08-02T11:26:07","modified_gmt":"2023-08-02T11:26:07","slug":"declaracio-daccessibilitat","status":"publish","type":"page","link":"https:\/\/cdbaget.com\/ca\/declaracio-daccessibilitat\/","title":{"rendered":"Declaraci\u00f3 d&#8217;Accessibilitat"},"content":{"rendered":"\n<p>L&#8217;entitat Centri Dental Baget s&#8217;ha comprom\u00e8s a fer accessible el seu lloc web de conformitat amb el <a href=\"http:\/\/www.boe.es\/diario_boe\/txt.php?id=BOE-A-2018-12699\" target=\"_blank\" rel=\"noreferrer noopener nofollow\" class=\"ek-link\">Reial decret 1112\/2018, de 7 de setembre, sobre accessibilitat dels llocs web i aplicacions per a dispositius m\u00f2bils del sector p\u00fablic.<\/a><\/p>\n\n<p>La present declaraci\u00f3 d&#8217;accessibilitat s&#8217;aplica al lloc web <a href=\"https:\/\/cdbaget.com\/ca\/\" class=\"ek-link\">cdbaget.com<\/a><\/p>\n\n<h2 class=\"wp-block-heading\">Situaci\u00f3 de compliment<\/h2>\n\n<p>Aquest lloc web \u00e9s <strong>parcialment conforme<\/strong> amb l&#8217;RD 1112\/2018 a causa de les excepcions i a la falta de conformitat dels aspectes que s&#8217;indiquen a continuaci\u00f3.<\/p>\n\n<h2 class=\"wp-block-heading\">Contingut no accessible<\/h2>\n\n<p>El contingut que es recull a continuaci\u00f3 no \u00e9s accessible pel seg\u00fcent:<\/p>\n\n<ol class=\"wp-block-list\">\n<li>Falta de conformitat amb l&#8217;RD 1112\/2018\n<ul class=\"wp-block-list\">\n<li>Existeixen logotips i imatges amb text alternatiu incorrecte o conf\u00fas i imatges complexes sense descripci\u00f3 textual [requisit n\u00famero 9.1.1.1 Contingut no textual, d&#8217;UNE-EN 301549:2022].<\/li>\n\n\n\n<li>Existeixen llistes creades de manera incorrecta (sense etiqueta de llista), taules amb cel\u00b7les etiquetades incorrectament i etiquetes invisibles en elements de formularis [requisit n\u00famero 9.1.3.1 Informaci\u00f3 i relacions, d&#8217;UNE-EN 301549:2022].<\/li>\n\n\n\n<li>Existeixen taules no adaptades a grand\u00e0ries de pantalla petits i camps de formulari que no es visualitzen correctament en grand\u00e0ries de pantalla petits [requisit n\u00famero 9.1.4.10 Reajustament de text, d&#8217;UNE-EN 301549:2022].<\/li>\n\n\n\n<li>Existeix text que en canviar els espais i altures de l\u00ednia no es visualitza correctament [requisit n\u00famero 9.1.4.12 Espaiat de text, d&#8217;UNE-EN 301549:2022].<\/li>\n\n\n\n<li>Existeixen elements que no s\u00f3n accessibles per teclat, com per exemple enlla\u00e7os a xarxes socials, l&#8217;editor de textos per a comentaris, elements per a ordenar resultats de cerca, la paginaci\u00f3 dels resultats de cerca o les fletxes de calendari [requisit n\u00famero 9.2.1.1 Teclat, d&#8217;UNE-EN 301549:2022].<\/li>\n\n\n\n<li>Hi ha elements que no reben el focus i per tant no es pot interactuar amb ells mitjan\u00e7ant el teclat, per exemple [requisit n\u00famero 9.2.4.3 Ordre del focus, d&#8217;UNE-EN 301549:2022].<\/li>\n\n\n\n<li>Hi ha enlla\u00e7os en els quals no s&#8217;identifica correctament la seva funci\u00f3 (tenen una descripci\u00f3 inadequada, un text massa gen\u00e8ric, un t\u00edtol inadequat&#8230;). [requisit n\u00famero 9.2.4.4 Prop\u00f2sit dels enlla\u00e7os, d&#8217;UNE-EN 301549:2022].<br\/>[requisit n\u00famero 9.2.4.4 Prop\u00f2sit dels enlla\u00e7os, d&#8217;UNE-EN 301549:2022].<\/li>\n\n\n\n<li>Hi ha encap\u00e7alats amb text repetit i\/o poc descriptiu [requisit n\u00famero 9.2.4.6 Encap\u00e7alats i etiquetes, d&#8217;UNE-EN 301549:2022].<\/li>\n\n\n\n<li>Existeixen imatges, infografies, textos d&#8217;enlla\u00e7os o botons, text de titulars i contingut que no estan tradu\u00efts a altres idiomes [requisit n\u00famero 9.3.1.2 Idioma de les parts, d&#8217;UNE-EN 301549:2022].<\/li>\n\n\n\n<li>En alguna p\u00e0gina s&#8217;est\u00e0 usant la mateixa icona per a diferents prop\u00f2sits, la qual cosa genera confusi\u00f3 [requisit n\u00famero 9.3.2.4 Identificaci\u00f3 coherent, d&#8217;UNE-EN 301549:2022].<\/li>\n\n\n\n<li>Existeixen missatges d&#8217;error poc descriptius, o missatges d&#8217;error que no estan agrupats en un \u00fanic missatge aix\u00ed com falta de suggeriments en formulari per a emplenar els camps correctament [requisit n\u00famero 9.3.3.1 Identificaci\u00f3 d&#8217;errors, d&#8217;UNE-EN 301549:2022].<\/li>\n\n\n\n<li>Existeixen formularis amb camps obligatoris on no s&#8217;informa l&#8217;usuari d&#8217;aix\u00f2, aix\u00ed com camps on falta un exemple textual del format del camp.<br\/>(com per exemple el DNI) [requisit n\u00famero 9.3.3.2 Etiquetes i instruccions, d&#8217;UNE-EN 301549:2022].<\/li>\n\n\n\n<li>Existeixen camps de formularis on s&#8217;informa de l&#8217;error quan s&#8217;introdueix un valor incorrecte per\u00f2 no s&#8217;informa d&#8217;un suggeriment per a la seva correcci\u00f3.<br\/>[requisit n\u00famero 9.3.3.3 Suggeriments davant errors, d&#8217;UNE-EN 301549:2022].<\/li>\n\n\n\n<li>Existeixen p\u00e0gines amb errors de sintaxis i per tant algun producte de suport pot no interpretar correctament el contingut (IDs de p\u00e0gina duplicats, etiquetes sense tancar, construcci\u00f3 incorrecta d&#8217;etiquetes&#8230;). [requisit n\u00famero 9.4.1.1 Processament, d&#8217;UNE-EN 301549:2022].<\/li>\n\n\n\n<li>Existeixen p\u00e0gines en les quals els productes de suport no podran obtenir informaci\u00f3, interactuar i estar al corrent de l&#8217;estat dels controls d&#8217;interf\u00edcie d&#8217;usuari, com per exemple, missatges d&#8217;ajuda, missatges d&#8217;estat de resultat d&#8217;accions, atributs d&#8217;enlla\u00e7os, imatge d&#8217;idioma de p\u00e0gina&#8230; que no podran ser llegit per lectors de pantalla en el moment en el qual apareixen [requisit n\u00famero 9.4.1.2 Nom, funci\u00f3, valor d&#8217;UNE-EN 301549:2022].<\/li>\n\n\n\n<li>Podrien existir fallades puntuals d&#8217;edici\u00f3 en alguna p\u00e0gina web.<\/li>\n<\/ul>\n<\/li>\n\n\n\n<li>C\u00e0rrega desproporcionada\n<ul class=\"wp-block-list\">\n<li>No aplica.<\/li>\n<\/ul>\n<\/li>\n\n\n\n<li>El contingut no entra dins de l&#8217;\u00e0mbit de la legislaci\u00f3 aplicable\n<ul class=\"wp-block-list\">\n<li>Podrien existir arxius ofim\u00e0tics en PDF o altres formats publicats abans del 20 de setembre de 2018 que no compleixin \u00edntegrament tots els requisits d&#8217;accessibilitat. Encara que s&#8217;ha procurat que la majoria d&#8217;ells s\u00ed que ho compleixin.<\/li>\n<\/ul>\n<\/li>\n<\/ol>\n\n<h2 class=\"wp-block-heading\">Preparaci\u00f3 de la present declaraci\u00f3 d&#8217;accessibilitat<\/h2>\n\n<p>La present declaraci\u00f3 va ser preparada el 24\/07\/2023.<\/p>\n\n<p>El m\u00e8tode emprat per a preparar la declaraci\u00f3 ha estat una autoavaluaci\u00f3 duta a terme per la pr\u00f2pia entitat.<\/p>\n\n<p>\u00daltima revisi\u00f3 de la declaraci\u00f3: 26\/07\/2023.<\/p>\n\n<h2 class=\"wp-block-heading\">Observacions i dades de contacte<\/h2>\n\n<p>Pot realitzar comunicacions sobre requisits d&#8217;accessibilitat (article 10.2.a) del RD 1112\/2018) com per exemple:<\/p>\n\n<ul class=\"wp-block-list\">\n<li>informar sobre qualsevol possible incompliment per part d&#8217;aquest lloc web<\/li>\n\n\n\n<li>transmetre altres dificultats d&#8217;acc\u00e9s al contingut<\/li>\n\n\n\n<li>formular qualsevol altra consulta o suggeriment de millora relativa a l&#8217;accessibilitat del lloc web<\/li>\n<\/ul>\n\n<p>A trav\u00e9s del seg\u00fcent <a href=\"https:\/\/cdbaget.com\/ca\/contacte\/\" class=\"ek-link\">formulari de contacte.<\/a><\/p>\n\n<p>Pot presentar:<\/p>\n\n<ul class=\"wp-block-list\">\n<li>una Queixa relativa al compliment dels requisits del RD 1112\/2018 o<\/li>\n\n\n\n<li>una Sol\u00b7licitud d&#8217;Informaci\u00f3 accessible relativa a:\n<ul class=\"wp-block-list\">\n<li>continguts que estan exclosos de l&#8217;\u00e0mbit d&#8217;aplicaci\u00f3 del RD 1112\/2018 segons el que s&#8217;estableix per l&#8217;article 3, apartat 4<\/li>\n\n\n\n<li>continguts que estan exempts del compliment dels requisits d&#8217;accessibilitat per imposar una c\u00e0rrega desproporcionada.<\/li>\n<\/ul>\n<\/li>\n<\/ul>\n\n<p>En la Sol\u00b7licitud d&#8217;informaci\u00f3 accessible, s&#8217;ha de concretar, amb tota claredat, els fets, raons i petici\u00f3 que permetin constatar que es tracta d&#8217;una sol\u00b7licitud raonable i leg\u00edtima.<\/p>\n\n<h2 class=\"wp-block-heading\">Contingut opcional<\/h2>\n\n<p>Aquest lloc web aplica els requisits de la Norma UNE-EN 301549:2022 considerant les excepcions del RD 1112\/2018.<\/p>\n\n<p>L&#8217;\u00faltima revisi\u00f3 de l&#8217;accessibilitat s&#8217;ha realitzat en 26\/07\/2023.<\/p>\n\n<p>El lloc web est\u00e0 optimitzat per als navegadors Microsoft Internet Explorer 8.0 o versions superiors i les \u00faltimes versions vigents de Firefox, Safari, Opera i Google Chrome. La resoluci\u00f3 web m\u00ednima recomanada \u00e9s de 1280&#215;1024<\/p>\n\n<p>El lloc web est\u00e0 dissenyat per a la seva visualitzaci\u00f3 Responsive, amb el que es visualitza de manera \u00f2ptima en els dispositius tauleta i m\u00f2bils. En aquests dispositius est\u00e0 optimitzat per a la seva visualitzaci\u00f3 en les \u00faltimes versions vigents de Chrome for mobile, Firefox for mobile, Safari mobile, Opera Mini i navegador natiu d&#8217;Android.<\/p>\n","protected":false},"excerpt":{"rendered":"<p>L&#8217;entitat Centri Dental Baget s&#8217;ha comprom\u00e8s a fer accessible el seu lloc web de conformitat amb el Reial decret 1112\/2018, de 7 de setembre, sobre &#8230; <a title=\"Declaraci\u00f3 d&#8217;Accessibilitat\" class=\"read-more\" href=\"https:\/\/cdbaget.com\/ca\/declaracio-daccessibilitat\/\" aria-label=\"M\u00e9s informaci\u00f3 sobre Declaraci\u00f3 d&#8217;Accessibilitat\">Read more<\/a><\/p>\n","protected":false},"author":1,"featured_media":0,"parent":0,"menu_order":0,"comment_status":"closed","ping_status":"open","template":"","meta":{"_editorskit_title_hidden":false,"_editorskit_reading_time":0,"_editorskit_is_block_options_detached":false,"_editorskit_block_options_position":"{}","om_disable_all_campaigns":false,"_monsterinsights_skip_tracking":false,"_monsterinsights_sitenote_active":false,"_monsterinsights_sitenote_note":"","_monsterinsights_sitenote_category":0,"_uf_show_specific_survey":0,"_uf_disable_surveys":false,"footnotes":""},"class_list":["post-2021","page","type-page","status-publish"],"aioseo_notices":[],"_links":{"self":[{"href":"https:\/\/cdbaget.com\/ca\/wp-json\/wp\/v2\/pages\/2021","targetHints":{"allow":["GET"]}}],"collection":[{"href":"https:\/\/cdbaget.com\/ca\/wp-json\/wp\/v2\/pages"}],"about":[{"href":"https:\/\/cdbaget.com\/ca\/wp-json\/wp\/v2\/types\/page"}],"author":[{"embeddable":true,"href":"https:\/\/cdbaget.com\/ca\/wp-json\/wp\/v2\/users\/1"}],"replies":[{"embeddable":true,"href":"https:\/\/cdbaget.com\/ca\/wp-json\/wp\/v2\/comments?post=2021"}],"version-history":[{"count":3,"href":"https:\/\/cdbaget.com\/ca\/wp-json\/wp\/v2\/pages\/2021\/revisions"}],"predecessor-version":[{"id":2024,"href":"https:\/\/cdbaget.com\/ca\/wp-json\/wp\/v2\/pages\/2021\/revisions\/2024"}],"wp:attachment":[{"href":"https:\/\/cdbaget.com\/ca\/wp-json\/wp\/v2\/media?parent=2021"}],"curies":[{"name":"wp","href":"https:\/\/api.w.org\/{rel}","templated":true}]}}